{"id":11142,"date":"2017-09-23T11:23:18","date_gmt":"2017-09-23T10:23:18","guid":{"rendered":"http:\/\/www.deutschsprachigertisch-orihuelacosta.eu\/?page_id=11142"},"modified":"2025-02-18T22:03:30","modified_gmt":"2025-02-18T21:03:30","slug":"handwerkerliste","status":"publish","type":"page","link":"http:\/\/www.deutschsprachigertisch-orihuelacosta.eu\/?page_id=11142","title":{"rendered":"Handwerkerliste"},"content":{"rendered":"<p><strong>Handwerker in und um Orihuela Costa sowie Torrevieja deutschsprechend! Umfangreiche Liste f\u00fcr Sie!<\/strong><\/p>\n<p><span style=\"color: #ff0000;\"><strong>Antennen-und TV-Service, Reparaturen und Neuanlagen, Receiver neu einstellen und mehr!<\/strong><\/span><\/p>\n<p><strong>Heliodoro Cuesta TV Setup \u2013 wir sprechen deutsch-!<\/strong><br \/>\nMobil: (+34) 644 488 519<br \/>\neMail: <a href=\"mailto:info@tvsetup.es\">info@tvsetup.es<\/a>\u00a0 Web: <a href=\"http:\/\/www.tvsetup.es\/\">www.tvsetup.es<\/a><\/p>\n<p><strong>Alf-Tom S.C. Aluminium &amp; PVC<\/strong><br \/>\nQualit\u00e4t genau auf Mass mit deutscher Qualit\u00e4t! Dreh-und Kippfenster, Schiebefenster, Winterg\u00e4rten, Carports, Fenstergitter, Markisen, Bad-und Duschw\u00e4nde, M\u00fcckengitter, Automatische Garagentore, Glasgardienen<br \/>\nAlf-Tom<br \/>\nCalle Clemenules Nr. 19 Urb. El Horizonte D 13<br \/>\n03189 Orihuela-Costa<br \/>\nTel.: (+34) 965 329 160<br \/>\nMobil: (+34) 620 048 081<\/p>\n<p><strong>Boiler Service Ihr Boiler Spezialist<br \/>\n<\/strong>Boiler entkalken ab 35.-\u20ac<br \/>\nMobil: (+ 34) 622 899 890 auch Whats App<\/p>\n<p><strong>Cibeles Umbauten und Sanierungen \u2013 alle Handwerksarbeiten<\/strong><br \/>\nMobil: (+34) 606 282 449<br \/>\neMail: <a href=\"mailto:info@cibeles3.com\">info@cibeles3.com<\/a><\/p>\n<p><strong>Das Handwerksmeisterteam \u201eDie M\u00e4nner f\u00fcr Alles\u201c!<br \/>\n<\/strong>Maurer-und Betonarbeiten, Innenausbau, Fliesenarbeiten, Heizungsanlagen, Elektrik, Klempner, Schwimmbad, Garten, Fenster und T\u00fcren \u2013 Lieferung und Einbau, Holzarbeiten, Malerarbeiten, Schlosserarbeiten, Bodenbel\u00e4ge, Geb\u00e4udereinigung<br \/>\nMobil: (+34) 689 383 952 Herby<br \/>\neMail: <a href=\"mailto:diemaennerfueralles@gmail.com\">diemaennerfueralles@gmail.com<\/a><\/p>\n<p><strong>Deutsche Handwerker f\u00fcr alle Bereiche<br \/>\n<\/strong>Maurerarbeiten, Malerarbeiten, Fliesenarbeiten, Wasser, Abwasser, Gartenpflege<br \/>\nKay-Uwe Tiedt<br \/>\nParaje Natural 2, c61 in 03184 Torrevieja<br \/>\nTel.: (+34) 966 785 644<br \/>\nMobil: (+34) 644 251 308 WhatsApp<\/p>\n<p><span style=\"color: #ff0000;\"><strong>Deutsche Handwerker in Torrevieja und Orihuela-Costa<\/strong><\/span><br \/>\n<span style=\"color: #ff0000;\"><strong> \u2013 zwischen La Marina und Pilar de la Horadada &#8211;<\/strong><\/span><\/p>\n<p><strong>Toldos Costa Blanca Markisen und Sonnensegel<\/strong><\/p>\n<p><span style=\"color: #333333;\">Wir sind Hersteller und Installateure mit dem ISO Zertifikat 9001. Terrassenmarkisen, Fenstermarkisen, Carports, Gelenkarmmarkisen, Kassettenmarkisen, Bioklimatischepergolas\u00a0 und Sonnensegel. F\u00fcr einen Unverbindlichen Kostenvoranschlag rufen Sie heute noch an und wir machen ein Termin aus.<\/span><\/p>\n<p><span style=\"color: #333333;\">Berater: Alberto Les Gomez<\/span><br \/>\n<span style=\"color: #333333;\">Avda. Escandinavia 72 Gran Alacant<\/span><br \/>\n<span style=\"color: #333333;\">03130 Santa Pola<\/span><br \/>\n<span style=\"color: #333333;\">Mobil: (+34) 670 361 360<\/span><br \/>\n<span style=\"color: #333333;\">Zentrale: (+34) 966845800<\/span><br \/>\n<span style=\"color: #333333;\">Web.: <a href=\"https:\/\/www.toldoscostablanca.com\/\" target=\"_blank\" rel=\"noopener noreferrer\">www.toldoscostablanca.com<\/a><\/span><br \/>\n<span style=\"color: #333333;\">Em@il: markisen@toldoscostablanca.com<\/span><\/p>\n<div style=\"font-size: small; text-decoration: none; font-family: 'Calibri'; font-weight: normal; color: #000000; font-style: normal; display: inline;\">\n<div id=\"divtagdefaultwrapper\" dir=\"ltr\" style=\"font-size: 12pt; font-family: Calibri,Helvetica,sans-serif; color: #000000;\">\n<p><span style=\"color: #808080;\"><strong>Matthias Palm<br \/>\n<\/strong><\/span>Ihr kompetenter Partner Rund um`s Haus<br \/>\nAlle Handwerksleistungen bis<br \/>\nBauleitung &#8211; Betreuung<br \/>\nHausmeisterservice<br \/>\nTel.:\u00a0 +49 172 6290417<br \/>\neMail: <a href=\"mailto:wolfshundeowingen1@hotmail.de\">wolfshundeowingen1@hotmail.de<\/a><\/p>\n<\/div>\n<\/div>\n<p><strong>Handwerkerservice jeglicher Art<\/strong><br \/>\nRenovierungen, An-und Umbauten, Fenster und T\u00fcren von Veka, Roll\u00e4den, Pollbau und Poolpflege,, Solar-und Klimatechnik, Sanit\u00e4r und Elektroarbeiten, Badsanierung, Fliesen, Beton-und Estricharbeiten, Aluminiumfester, sowie Eisengitter und Tore, Fussbodenheizung, elektr., sowie auch wassergef\u00fchrt, Maurer-und Malerarbeiten, Markisen, Winterg\u00e4rten, Innen- und Aussenputz, Stuckarbeiten, k\u00fcnstliche Wandbemalungen, Balustraden,Dachabdichtungen uvm.<br \/>\nRaumwerk Torrevieja<br \/>\nKontakt: Klaus Pantelis<br \/>\nMobil (+34) 659 357 727<br \/>\neMail: <a href=\"mailto:mail@raumwerk-torrevieja.es\">mail@raumwerk-torrevieja.es<\/a><br \/>\nWeb: <a href=\"http:\/\/www.raumwerk-torrevieja.es\/\">www.raumwerk-torrevieja.es<\/a><\/p>\n<p><strong>Deutscher Elektriker im Grossraum Torrevieja<br \/>\n<\/strong>Hauselektrik, Sat-Anlagen, Elektroheizungen, elektr. Rollos, elektr. Roll-und Fl\u00fcgeltore, Poolsteuerung<br \/>\nKontakt:\u00a0Thomas Klippe<br \/>\nTel.: (+34) 965 720 783<br \/>\nMobil: (+34) 649 116 825<br \/>\nWeb: <a href=\"http:\/\/www.tk-elektriker.com\/\">www.tk-elektriker.com<\/a><\/p>\n<p><strong>Deutscher Malermeister Torrevieja<br \/>\n<\/strong>schnell, sauber, g\u00fcnstig, s\u00e4mtliche Maler-\/Verputzarbeiten, hochwertige Silikonversiegelungen innen und au\u00dfen, auch Kleinstauftr\u00e4ge<br \/>\nTel.: (+34) 966 775 893<br \/>\nMobil: (+34) 686 367 119<\/p>\n<p><strong>Deutscher Fliesenleger aus Torrevieja (Villamartin)<br \/>\n<\/strong>f\u00fchrt Fliesen-, Maurer-, Verputz-, Trockenarbeiten und hochwertige Silikonversiegelungen, innen und au\u00dfen aus. Auch Kleinstauftr\u00e4ge!<br \/>\nTel.: (+34) 966 775 893<br \/>\nMobil: (+34) 617 839 987<\/p>\n<p><strong>Fliesenarbeiten und mehr!<\/strong><br \/>\nFliesen, Trockenbau, An\/Umbau, Schallschutz, Ballustraden, Malerarbeiten<br \/>\nOlaf Reich &amp; Andr\u00e9 Kurscheit<br \/>\nOlaf Reich Mobil: (+34) 680 175 316<br \/>\nAndr\u00e9 Kurscheit Mobil: (+34) 628 030 971<\/p>\n<p><strong>Elektroinstallateur (offizieller)<br \/>\n<\/strong>Service Techniker, Klimaanlagen, Solaranlagen, Heizungen, W\u00e4rmepumpen f\u00fcr sauberes warmes Wasser, solare Luftkollektoren zum L\u00fcften und Heizen<br \/>\nB\u00fcro und Ausstellung<br \/>\nAvda. Garcia Lorca 23<br \/>\nTorreta Florida Torrevieja<br \/>\nMobil: (+34) 639 745 848<br \/>\neMail: <a href=\"mailto:fernandocarrionmartin@hotmail.com\">fernandocarrionmartin@hotmail.com<\/a><\/p>\n<p><strong>Haustechnik Torrevieja<br \/>\n<\/strong>Torsten Keil<br \/>\nAv. Gran Muralla Chino 6<br \/>\n03177 San Fulgencio<br \/>\nMobil: (+34) 669 996 730<br \/>\neMail: <a href=\"mailto:haustechnik.torrevieja@gmail.com\">haustechnik.torrevieja@gmail.com<\/a><\/p>\n<p><strong>Poolservice und Gartenpflege<br \/>\n<\/strong>Beratung bei Gartenfragen<br \/>\nDipl. Ing. sc. agr. Daniel Baumgartner jardeneria International<br \/>\nMobil: (+34) 627 307 190 WhatsApp<br \/>\neMail: <a href=\"mailto:daniel-baumgartner@web.de\">daniel-baumgartner@web.de<\/a><\/p>\n<p><strong>Schl\u00fcsseldienst \u2013 Not\u00f6ffnungen 24 Stunden<br \/>\n<\/strong>Bereich Orihuela-Costa, Blue Lagoon, Torrevieja<br \/>\nMobil: (+34) 676 399 878 (deutsch + spanisch) Antonio<br \/>\nMobil: (+34) 607 493 118<\/p>\n<p><strong>Tischler\/Schreiner<br \/>\n<\/strong>K\u00fcchenm\u00f6bel-Wohnraumm\u00f6bel Einbau-und Umbau, Kleiderschr\u00e4nke, modern und rustikal, sowie kleinere und gr\u00f6ssere Reparaturen im Grossraum Torrevieja.<br \/>\nWir arbeiten nach Ihren W\u00fcnschen und Vorstellungen<br \/>\nRoland Ihr Schreiner<br \/>\nTel.: (+34) 966 721 748<br \/>\nMobil: (+34) 671 866 930<\/p>\n<p><strong>Volkers Hausservice bietet Ihnen<br \/>\n<\/strong>Sonnenschutzsysteme, Markisen, Pergolas, Fliegengitter, Poolplanen, Infrarot-W\u00e4rmekabinen,\u00a0 Klempner, Installateure,\u00a0 Dachrinnenmontage und mehr, Schl\u00fcsseldienst, Not\u00f6ffnungen<br \/>\nTel.: (+34) 965 720 874<br \/>\nMobil:(+34) 666 434 371<br \/>\neMail: <a href=\"mailto:oslo22003@yahoo.de\">oslo22003@yahoo.de<\/a><br \/>\nWeb: <a href=\"http:\/\/www.volkers-hausservice.com\/\">www.volkers-hausservice.com<\/a><\/p>\n<p><strong>SF aquatec Sanit\u00e4r-und Heizungsinstallation!<\/strong><br \/>\nReparaturen, Gas-und \u00d6lger\u00e4teservice, sowie Wartung<br \/>\nBoileraustausch und Rohrreinigung<br \/>\nStephan Mobil: (+34) 650 814 473<br \/>\neMail: <a href=\"mailto:aquatecstephan@online.de\">aquatecstephan@online.de<\/a><br \/>\nOrihuela-Costa und Grossraum Torrevieja<\/p>","protected":false},"excerpt":{"rendered":"<p>Handwerker in und um Orihuela Costa sowie Torrevieja deutschsprechend! Umfangreiche Liste f\u00fcr Sie! Antennen-und TV-Service, Reparaturen und Neuanlagen, Receiver neu einstellen und mehr! Heliodoro Cuesta TV Setup \u2013 wir sprechen (&hellip;) <a href=\"http:\/\/www.deutschsprachigertisch-orihuelacosta.eu\/?page_id=11142\">Weiterlesen<\/a><\/p>\n","protected":false},"author":4,"featured_media":0,"parent":0,"menu_order":0,"comment_status":"closed","ping_status":"closed","template":"","meta":{"jetpack_post_was_ever_published":false,"footnotes":""},"class_list":["post-11142","page","type-page","status-publish","hentry"],"jetpack_sharing_enabled":true,"jetpack_shortlink":"https:\/\/wp.me\/P8bur2-2TI","jetpack-related-posts":[],"_links":{"self":[{"href":"http:\/\/www.deutschsprachigertisch-orihuelacosta.eu\/index.php?rest_route=\/wp\/v2\/pages\/11142","targetHints":{"allow":["GET"]}}],"collection":[{"href":"http:\/\/www.deutschsprachigertisch-orihuelacosta.eu\/index.php?rest_route=\/wp\/v2\/pages"}],"about":[{"href":"http:\/\/www.deutschsprachigertisch-orihuelacosta.eu\/index.php?rest_route=\/wp\/v2\/types\/page"}],"author":[{"embeddable":true,"href":"http:\/\/www.deutschsprachigertisch-orihuelacosta.eu\/index.php?rest_route=\/wp\/v2\/users\/4"}],"replies":[{"embeddable":true,"href":"http:\/\/www.deutschsprachigertisch-orihuelacosta.eu\/index.php?rest_route=%2Fwp%2Fv2%2Fcomments&post=11142"}],"version-history":[{"count":12,"href":"http:\/\/www.deutschsprachigertisch-orihuelacosta.eu\/index.php?rest_route=\/wp\/v2\/pages\/11142\/revisions"}],"predecessor-version":[{"id":17136,"href":"http:\/\/www.deutschsprachigertisch-orihuelacosta.eu\/index.php?rest_route=\/wp\/v2\/pages\/11142\/revisions\/17136"}],"wp:attachment":[{"href":"http:\/\/www.deutschsprachigertisch-orihuelacosta.eu\/index.php?rest_route=%2Fwp%2Fv2%2Fmedia&parent=11142"}],"curies":[{"name":"wp","href":"https:\/\/api.w.org\/{rel}","templated":true}]}}