{"id":15439,"date":"2021-05-14T22:24:34","date_gmt":"2021-05-14T21:24:34","guid":{"rendered":"http:\/\/www.deutschsprachigertisch-orihuelacosta.eu\/?page_id=15439"},"modified":"2023-10-31T14:24:11","modified_gmt":"2023-10-31T13:24:11","slug":"fotos-2021","status":"publish","type":"page","link":"http:\/\/www.deutschsprachigertisch-orihuelacosta.eu\/?page_id=15439","title":{"rendered":"2021 Fotos"},"content":{"rendered":"<table style=\"border-collapse: collapse; width: 100%;\">\n<tbody>\n<tr>\n<td style=\"width: 60.3571%;\"><strong><span style=\"color: #ff0000;\"><span style=\"color: #000000;\"><span style=\"color: #000080;\"><img data-recalc-dims=\"1\" loading=\"lazy\" decoding=\"async\" data-attachment-id=\"15963\" data-permalink=\"http:\/\/www.deutschsprachigertisch-orihuelacosta.eu\/?attachment_id=15963\" data-orig-file=\"https:\/\/i0.wp.com\/www.deutschsprachigertisch-orihuelacosta.eu\/wp-content\/uploads\/2021\/12\/ikea-2021.jpg?fit=250%2C249\" data-orig-size=\"250,249\" data-comments-opened=\"0\" data-image-meta=\"{&quot;aperture&quot;:&quot;0&quot;,&quot;credit&quot;:&quot;&quot;,&quot;camera&quot;:&quot;&quot;,&quot;caption&quot;:&quot;&quot;,&quot;created_timestamp&quot;:&quot;0&quot;,&quot;copyright&quot;:&quot;&quot;,&quot;focal_length&quot;:&quot;0&quot;,&quot;iso&quot;:&quot;0&quot;,&quot;shutter_speed&quot;:&quot;0&quot;,&quot;title&quot;:&quot;&quot;,&quot;orientation&quot;:&quot;0&quot;}\" data-image-title=\"ikea-2021\" data-image-description=\"\" data-image-caption=\"\" data-large-file=\"https:\/\/i0.wp.com\/www.deutschsprachigertisch-orihuelacosta.eu\/wp-content\/uploads\/2021\/12\/ikea-2021.jpg?fit=250%2C249\" class=\"size-full wp-image-15963 alignleft\" src=\"https:\/\/i0.wp.com\/www.deutschsprachigertisch-orihuelacosta.eu\/wp-content\/uploads\/2021\/12\/ikea-2021.jpg?resize=250%2C249\" alt=\"\" width=\"250\" height=\"249\" srcset=\"https:\/\/i0.wp.com\/www.deutschsprachigertisch-orihuelacosta.eu\/wp-content\/uploads\/2021\/12\/ikea-2021.jpg?w=250 250w, https:\/\/i0.wp.com\/www.deutschsprachigertisch-orihuelacosta.eu\/wp-content\/uploads\/2021\/12\/ikea-2021.jpg?resize=150%2C150 150w\" sizes=\"auto, (max-width: 250px) 100vw, 250px\" \/><br \/>Nikolausfahrt zu Ikea nach Murcia am 6. Dezember 2021<\/span><em><br \/><span style=\"color: #ff0000;\">&#8222;Die Fahrt nach Murcia zu Ikea war ein sch\u00f6nes Einkaufserlebnis&#8220;<\/span><\/em><br \/>Ikea konnte sich freuen einige K\u00e4ufer vom Dtoc begr\u00fcssen zu k\u00f6nnen &#x1f60a;&#x1f601;!<br \/>&gt;&gt;&gt; \u201e<a href=\"https:\/\/photos.app.goo.gl\/SQMHEudzyDdh3qKi9\" target=\"_blank\" rel=\"noopener\">Bildergalerie von der Fahrt zu Ikea<\/a>\u201c &lt;&lt;&lt;<br \/>Fotos: Norbert Ellmers<\/span><\/span><\/strong><\/td>\n<\/tr>\n<tr>\n<td style=\"width: 60.3571%;\"><strong><span style=\"color: #ff0000;\"><span style=\"color: #000000;\"><img data-recalc-dims=\"1\" loading=\"lazy\" decoding=\"async\" data-attachment-id=\"15876\" data-permalink=\"http:\/\/www.deutschsprachigertisch-orihuelacosta.eu\/?attachment_id=15876\" data-orig-file=\"https:\/\/i0.wp.com\/www.deutschsprachigertisch-orihuelacosta.eu\/wp-content\/uploads\/2021\/11\/turon.jpg?fit=250%2C149\" data-orig-size=\"250,149\" data-comments-opened=\"0\" data-image-meta=\"{&quot;aperture&quot;:&quot;0&quot;,&quot;credit&quot;:&quot;&quot;,&quot;camera&quot;:&quot;&quot;,&quot;caption&quot;:&quot;&quot;,&quot;created_timestamp&quot;:&quot;0&quot;,&quot;copyright&quot;:&quot;&quot;,&quot;focal_length&quot;:&quot;0&quot;,&quot;iso&quot;:&quot;0&quot;,&quot;shutter_speed&quot;:&quot;0&quot;,&quot;title&quot;:&quot;&quot;,&quot;orientation&quot;:&quot;1&quot;}\" data-image-title=\"turon\" data-image-description=\"\" data-image-caption=\"\" data-large-file=\"https:\/\/i0.wp.com\/www.deutschsprachigertisch-orihuelacosta.eu\/wp-content\/uploads\/2021\/11\/turon.jpg?fit=250%2C149\" class=\"wp-image-15876 size-full alignleft\" src=\"https:\/\/i0.wp.com\/www.deutschsprachigertisch-orihuelacosta.eu\/wp-content\/uploads\/2021\/11\/turon.jpg?resize=250%2C149\" alt=\"\" width=\"250\" height=\"149\" \/><\/span><span style=\"color: #000080;\">Dtoc-Fahrt nach Benidorm und Jijona am 19.11.21<\/span><em><br \/>&#8222;Der Ausflug nach Benidorm und der Tur\u00f3n-Fabrik war wieder ein sch\u00f6nes Erlebnis&#8220;<\/em><br \/><\/span><\/strong><span style=\"color: #ff0000;\"><span style=\"color: #000000;\">ALLE Teilnehmer waren sehr zufrieden, kehrten wohlbehalten und Gesund zur\u00fcck!!!<\/span><\/span><strong><span style=\"color: #ff0000;\"><br \/><span style=\"color: #000000;\">&gt;&gt;&gt; \u201e<\/span><a href=\"https:\/\/photos.app.goo.gl\/UYa9QXibX8GZEcSr5\" target=\"_blank\" rel=\"noopener\">Ausflug nach Benidorm und Tur\u00f3n-Fabrik<\/a><span style=\"color: #000000;\">\u201c &lt;&lt;&lt;<\/span><br \/><span style=\"color: #000000;\">Fotos: Norbert Ellmers<\/span><\/span><\/strong><\/td>\n<\/tr>\n<tr>\n<td style=\"width: 60.3571%;\">\n<p><span style=\"color: #000080;\"><strong>N\u00e4rrischer Stammtisch am 11.11.2021 im Paulaner<\/strong><\/span><\/p>\n<p><img data-recalc-dims=\"1\" loading=\"lazy\" decoding=\"async\" data-attachment-id=\"15864\" data-permalink=\"http:\/\/www.deutschsprachigertisch-orihuelacosta.eu\/?attachment_id=15864\" data-orig-file=\"https:\/\/i0.wp.com\/www.deutschsprachigertisch-orihuelacosta.eu\/wp-content\/uploads\/2021\/11\/03.jpg?fit=400%2C189\" data-orig-size=\"400,189\" data-comments-opened=\"0\" data-image-meta=\"{&quot;aperture&quot;:&quot;0&quot;,&quot;credit&quot;:&quot;&quot;,&quot;camera&quot;:&quot;&quot;,&quot;caption&quot;:&quot;&quot;,&quot;created_timestamp&quot;:&quot;0&quot;,&quot;copyright&quot;:&quot;&quot;,&quot;focal_length&quot;:&quot;0&quot;,&quot;iso&quot;:&quot;0&quot;,&quot;shutter_speed&quot;:&quot;0&quot;,&quot;title&quot;:&quot;&quot;,&quot;orientation&quot;:&quot;1&quot;}\" data-image-title=\"03\" data-image-description=\"\" data-image-caption=\"\" data-large-file=\"https:\/\/i0.wp.com\/www.deutschsprachigertisch-orihuelacosta.eu\/wp-content\/uploads\/2021\/11\/03.jpg?fit=400%2C189\" class=\"alignnone wp-image-15864 size-full\" src=\"https:\/\/i0.wp.com\/www.deutschsprachigertisch-orihuelacosta.eu\/wp-content\/uploads\/2021\/11\/03.jpg?resize=400%2C189\" alt=\"\" width=\"400\" height=\"189\" srcset=\"https:\/\/i0.wp.com\/www.deutschsprachigertisch-orihuelacosta.eu\/wp-content\/uploads\/2021\/11\/03.jpg?w=400 400w, https:\/\/i0.wp.com\/www.deutschsprachigertisch-orihuelacosta.eu\/wp-content\/uploads\/2021\/11\/03.jpg?resize=300%2C142 300w\" sizes=\"auto, (max-width: 400px) 100vw, 400px\" \/><\/p>\n<p>Mit dem DTOC haben 111 Narren den Beginn der 11ften Jahreszeit gefeiert. Alle hatten viel Spa\u00df und wir werden das bestimmt wiederholen.<\/p>\n<p><strong><span style=\"color: #ff0000;\"><span style=\"color: #000000;\">&gt;&gt;&gt; \u201e<\/span><a href=\"https:\/\/photos.app.goo.gl\/oGx57t5HeQNX4J7v9\" target=\"_blank\" rel=\"noopener\">N\u00e4rrischer Dtoc Stammtisch<\/a><span style=\"color: #000000;\">\u201c &lt;&lt;&lt;<\/span><br \/><span style=\"color: #000000;\">Fotos: Norbert Ellmers u.a.<\/span><\/span><\/strong><\/p>\n<\/td>\n<\/tr>\n<tr>\n<td style=\"width: 60.3571%;\">\n<p><strong><span style=\"color: #ff0000;\"><img data-recalc-dims=\"1\" loading=\"lazy\" decoding=\"async\" data-attachment-id=\"15823\" data-permalink=\"http:\/\/www.deutschsprachigertisch-orihuelacosta.eu\/?attachment_id=15823\" data-orig-file=\"https:\/\/i0.wp.com\/www.deutschsprachigertisch-orihuelacosta.eu\/wp-content\/uploads\/2021\/11\/karneval-01-21.jpg?fit=200%2C265\" data-orig-size=\"200,265\" data-comments-opened=\"0\" data-image-meta=\"{&quot;aperture&quot;:&quot;0&quot;,&quot;credit&quot;:&quot;&quot;,&quot;camera&quot;:&quot;&quot;,&quot;caption&quot;:&quot;&quot;,&quot;created_timestamp&quot;:&quot;0&quot;,&quot;copyright&quot;:&quot;&quot;,&quot;focal_length&quot;:&quot;0&quot;,&quot;iso&quot;:&quot;0&quot;,&quot;shutter_speed&quot;:&quot;0&quot;,&quot;title&quot;:&quot;&quot;,&quot;orientation&quot;:&quot;0&quot;}\" data-image-title=\"karneval-01-21\" data-image-description=\"\" data-image-caption=\"\" data-large-file=\"https:\/\/i0.wp.com\/www.deutschsprachigertisch-orihuelacosta.eu\/wp-content\/uploads\/2021\/11\/karneval-01-21.jpg?fit=200%2C265\" class=\"size-full wp-image-15823 alignleft\" src=\"https:\/\/i0.wp.com\/www.deutschsprachigertisch-orihuelacosta.eu\/wp-content\/uploads\/2021\/11\/karneval-01-21.jpg?resize=200%2C265\" alt=\"\" width=\"200\" height=\"265\" \/><\/span><\/strong><\/p>\n<p><strong><span style=\"color: #ff0000;\">12 Jahre Dtoc &#8211; Jubil\u00e4ums Feier im Paulaner am 28.10.21<br \/><\/span><\/strong><span style=\"color: #ff0000;\"><span style=\"color: #000000;\">Wir feierten unser 12 j\u00e4hriges Bestehen im Paulaner mit Live Musik und Freibier. F\u00fcr die gute Stimmung sorgte J\u00fcrgen Rost und einige haben auch Karaoke mit ihm gesungen. Wir freuen uns schon aufs n\u00e4chste Jahr.<\/span><\/span><strong><span style=\"color: #ff0000;\"><br \/><span style=\"color: #000000;\">&gt;&gt;&gt; \u201e<\/span><a href=\"https:\/\/photos.app.goo.gl\/G2vjM3LPQBYKvPK69\" target=\"_blank\" rel=\"noopener\">12 Jahre Dtoc<\/a><span style=\"color: #000000;\">\u201c &lt;&lt;&lt;<\/span><br \/><span style=\"color: #000000;\">Fotos: Norbert Ellmers<\/span><\/span><\/strong><\/p>\n<\/td>\n<\/tr>\n<tr>\n<td style=\"width: 60.3571%;\">\n<p><img data-recalc-dims=\"1\" loading=\"lazy\" decoding=\"async\" data-attachment-id=\"15738\" data-permalink=\"http:\/\/www.deutschsprachigertisch-orihuelacosta.eu\/?attachment_id=15738\" data-orig-file=\"https:\/\/i0.wp.com\/www.deutschsprachigertisch-orihuelacosta.eu\/wp-content\/uploads\/2021\/10\/oktoberfest-2021.jpg?fit=550%2C104\" data-orig-size=\"550,104\" data-comments-opened=\"0\" data-image-meta=\"{&quot;aperture&quot;:&quot;0&quot;,&quot;credit&quot;:&quot;&quot;,&quot;camera&quot;:&quot;&quot;,&quot;caption&quot;:&quot;&quot;,&quot;created_timestamp&quot;:&quot;0&quot;,&quot;copyright&quot;:&quot;&quot;,&quot;focal_length&quot;:&quot;0&quot;,&quot;iso&quot;:&quot;0&quot;,&quot;shutter_speed&quot;:&quot;0&quot;,&quot;title&quot;:&quot;&quot;,&quot;orientation&quot;:&quot;0&quot;}\" data-image-title=\"oktoberfest-2021\" data-image-description=\"\" data-image-caption=\"\" data-large-file=\"https:\/\/i0.wp.com\/www.deutschsprachigertisch-orihuelacosta.eu\/wp-content\/uploads\/2021\/10\/oktoberfest-2021.jpg?fit=550%2C104\" class=\"alignnone wp-image-15738 size-full\" src=\"https:\/\/i0.wp.com\/www.deutschsprachigertisch-orihuelacosta.eu\/wp-content\/uploads\/2021\/10\/oktoberfest-2021.jpg?resize=550%2C104\" alt=\"\" width=\"550\" height=\"104\" srcset=\"https:\/\/i0.wp.com\/www.deutschsprachigertisch-orihuelacosta.eu\/wp-content\/uploads\/2021\/10\/oktoberfest-2021.jpg?w=550 550w, https:\/\/i0.wp.com\/www.deutschsprachigertisch-orihuelacosta.eu\/wp-content\/uploads\/2021\/10\/oktoberfest-2021.jpg?resize=300%2C57 300w\" sizes=\"auto, (max-width: 550px) 100vw, 550px\" \/><\/p>\n<p><strong>&#8222;O&#8216; Zapft is &#8211; Oktoberfest in La Nuc\u00eda!&#8220;<span style=\"color: #ff0000;\"><br \/>Dtoc-Fahrt zum Oktoberfest nach La Nuc\u00eda am 10. Oktober 2021<br \/><\/span><\/strong><span style=\"color: #ff0000;\"><span style=\"color: #000000;\">Tolle Stimmung auf dem Oktoberfest in La Nuc\u00eda. Es gab drei verschiedene Biere und f\u00fcr den Magen gab es Haxe , alle Arten von W\u00fcrstchen und leckere belegte Br\u00f6tchen. Die Musik machten die Steinsberger. Im n\u00e4chsten Jahr sind wir auf jeden Fall wieder dabei. Anbei einige Fotos von diesem tollen Oktoberfest.<\/span><\/span><strong><span style=\"color: #ff0000;\"><br \/><span style=\"color: #000000;\">&gt;&gt;&gt; \u201e<\/span><a href=\"https:\/\/photos.app.goo.gl\/Ejzm5EUrdAkpXUBU9\" target=\"_blank\" rel=\"noopener\">Oktoberfest in La Nuc\u00eda<\/a><span style=\"color: #000000;\">\u201c &lt;&lt;&lt;<\/span><br \/><span style=\"color: #000000;\">Fotos: Norbert Ellmers<\/span><\/span><\/strong><\/p>\n<\/td>\n<\/tr>\n<tr>\n<td style=\"width: 60.3571%;\"><strong><span style=\"color: #ff0000;\"><img data-recalc-dims=\"1\" loading=\"lazy\" decoding=\"async\" data-attachment-id=\"15691\" data-permalink=\"http:\/\/www.deutschsprachigertisch-orihuelacosta.eu\/?attachment_id=15691\" data-orig-file=\"https:\/\/i0.wp.com\/www.deutschsprachigertisch-orihuelacosta.eu\/wp-content\/uploads\/2021\/09\/likor-43.jpg?fit=400%2C223\" data-orig-size=\"400,223\" data-comments-opened=\"0\" data-image-meta=\"{&quot;aperture&quot;:&quot;0&quot;,&quot;credit&quot;:&quot;&quot;,&quot;camera&quot;:&quot;&quot;,&quot;caption&quot;:&quot;&quot;,&quot;created_timestamp&quot;:&quot;0&quot;,&quot;copyright&quot;:&quot;&quot;,&quot;focal_length&quot;:&quot;0&quot;,&quot;iso&quot;:&quot;0&quot;,&quot;shutter_speed&quot;:&quot;0&quot;,&quot;title&quot;:&quot;&quot;,&quot;orientation&quot;:&quot;1&quot;}\" data-image-title=\"likor-43\" data-image-description=\"\" data-image-caption=\"\" data-large-file=\"https:\/\/i0.wp.com\/www.deutschsprachigertisch-orihuelacosta.eu\/wp-content\/uploads\/2021\/09\/likor-43.jpg?fit=400%2C223\" class=\"wp-image-15691 size-full alignleft\" src=\"https:\/\/i0.wp.com\/www.deutschsprachigertisch-orihuelacosta.eu\/wp-content\/uploads\/2021\/09\/likor-43.jpg?resize=400%2C223\" alt=\"\" width=\"400\" height=\"223\" srcset=\"https:\/\/i0.wp.com\/www.deutschsprachigertisch-orihuelacosta.eu\/wp-content\/uploads\/2021\/09\/likor-43.jpg?w=400 400w, https:\/\/i0.wp.com\/www.deutschsprachigertisch-orihuelacosta.eu\/wp-content\/uploads\/2021\/09\/likor-43.jpg?resize=300%2C167 300w\" sizes=\"auto, (max-width: 400px) 100vw, 400px\" \/><span style=\"color: #000000;\">&#8222;Es war so sch\u00f6n, wie wir es bisher gew\u00f6hnt waren!&#8220;<\/span><br \/>Dtoc-Fahrt zur Lik\u00f6rfabrik 43 und Cartagena am 17. September 2021<br \/><\/span><\/strong><span style=\"color: #ff0000;\"><span style=\"color: #000000;\">Am 17. September 2021 unternahmen wir eine Fahrt zur Lik\u00f6rfabrik 43 und Cartagena. Es war ein wundersch\u00f6ner Ausflug und alle haben sich gefreut, dass es wieder so sch\u00f6n war, wie wir es gew\u00f6hnt sind. Alle Teilnehmer freuen sich schon auf den n\u00e4chsten Ausflug.<\/span><\/span><strong><span style=\"color: #ff0000;\"><br \/><span style=\"color: #000000;\">&gt;&gt;&gt; \u201e<\/span><a href=\"https:\/\/photos.app.goo.gl\/ZFfUFYw3STj8TNxz5\" target=\"_blank\" rel=\"noopener\">Lik\u00f6rfabrik 43 <\/a><a href=\"https:\/\/photos.app.goo.gl\/ZFfUFYw3STj8TNxz5\" target=\"_blank\" rel=\"noopener\">und Ausflug nach Cartagena<\/a><span style=\"color: #000000;\">\u201c &lt;&lt;&lt;<\/span><br \/><span style=\"color: #000000;\">Fotos: Norbert Ellmers<\/span><\/span><\/strong><\/td>\n<\/tr>\n<tr>\n<td style=\"width: 60.3571%;\"><strong><span style=\"color: #ff0000;\"><img data-recalc-dims=\"1\" loading=\"lazy\" decoding=\"async\" data-attachment-id=\"15573\" data-permalink=\"http:\/\/www.deutschsprachigertisch-orihuelacosta.eu\/?attachment_id=15573\" data-orig-file=\"https:\/\/i0.wp.com\/www.deutschsprachigertisch-orihuelacosta.eu\/wp-content\/uploads\/2021\/06\/schwedenfeuer-2021.jpg?fit=300%2C400\" data-orig-size=\"300,400\" data-comments-opened=\"0\" data-image-meta=\"{&quot;aperture&quot;:&quot;0&quot;,&quot;credit&quot;:&quot;&quot;,&quot;camera&quot;:&quot;&quot;,&quot;caption&quot;:&quot;&quot;,&quot;created_timestamp&quot;:&quot;0&quot;,&quot;copyright&quot;:&quot;&quot;,&quot;focal_length&quot;:&quot;0&quot;,&quot;iso&quot;:&quot;0&quot;,&quot;shutter_speed&quot;:&quot;0&quot;,&quot;title&quot;:&quot;&quot;,&quot;orientation&quot;:&quot;0&quot;}\" data-image-title=\"schwedenfeuer-2021\" data-image-description=\"\" data-image-caption=\"\" data-large-file=\"https:\/\/i0.wp.com\/www.deutschsprachigertisch-orihuelacosta.eu\/wp-content\/uploads\/2021\/06\/schwedenfeuer-2021.jpg?fit=300%2C400\" class=\"wp-image-15573 size-full alignleft\" src=\"https:\/\/i0.wp.com\/www.deutschsprachigertisch-orihuelacosta.eu\/wp-content\/uploads\/2021\/06\/schwedenfeuer-2021.jpg?resize=300%2C400\" alt=\"\" width=\"300\" height=\"400\" srcset=\"https:\/\/i0.wp.com\/www.deutschsprachigertisch-orihuelacosta.eu\/wp-content\/uploads\/2021\/06\/schwedenfeuer-2021.jpg?w=300 300w, https:\/\/i0.wp.com\/www.deutschsprachigertisch-orihuelacosta.eu\/wp-content\/uploads\/2021\/06\/schwedenfeuer-2021.jpg?resize=225%2C300 225w\" sizes=\"auto, (max-width: 300px) 100vw, 300px\" \/><br \/>Schwedenfeuer im Restaurant La Mirada am 21.06.2021<\/span><br \/><\/strong>\u00dcber 100 Personen feierten am 21.06.2021 das Schwedenfeuer im Restaurant La Mirada in La Zenia. Es war eine absolut super Stimmung und alle Teilnehmer haben diese Veranstaltung genossen. Anbei einige Fotos der Veranstaltung.<br \/><strong>&gt;&gt;&gt; \u201e<a href=\"https:\/\/photos.app.goo.gl\/EJ3WXWgpM8GYWNhh7\" target=\"_blank\" rel=\"noopener\">Schwedenfeuer 2021<\/a>\u201c &lt;&lt;&lt;<br \/>Fotos: Norbert Ellmers<\/strong><\/td>\n<\/tr>\n<tr>\n<td style=\"width: 60.3571%;\"><img data-recalc-dims=\"1\" loading=\"lazy\" decoding=\"async\" data-attachment-id=\"15539\" data-permalink=\"http:\/\/www.deutschsprachigertisch-orihuelacosta.eu\/?attachment_id=15539\" data-orig-file=\"https:\/\/i0.wp.com\/www.deutschsprachigertisch-orihuelacosta.eu\/wp-content\/uploads\/2021\/06\/bodega-florentino-perez.jpeg?fit=350%2C263\" data-orig-size=\"350,263\" data-comments-opened=\"0\" data-image-meta=\"{&quot;aperture&quot;:&quot;0&quot;,&quot;credit&quot;:&quot;&quot;,&quot;camera&quot;:&quot;&quot;,&quot;caption&quot;:&quot;&quot;,&quot;created_timestamp&quot;:&quot;0&quot;,&quot;copyright&quot;:&quot;&quot;,&quot;focal_length&quot;:&quot;0&quot;,&quot;iso&quot;:&quot;0&quot;,&quot;shutter_speed&quot;:&quot;0&quot;,&quot;title&quot;:&quot;&quot;,&quot;orientation&quot;:&quot;0&quot;}\" data-image-title=\"bodega-florentino-perez\" data-image-description=\"\" data-image-caption=\"\" data-large-file=\"https:\/\/i0.wp.com\/www.deutschsprachigertisch-orihuelacosta.eu\/wp-content\/uploads\/2021\/06\/bodega-florentino-perez.jpeg?fit=350%2C263\" class=\"wp-image-15539 size-full alignleft\" src=\"https:\/\/i0.wp.com\/www.deutschsprachigertisch-orihuelacosta.eu\/wp-content\/uploads\/2021\/06\/bodega-florentino-perez.jpeg?resize=350%2C263\" alt=\"\" width=\"350\" height=\"263\" srcset=\"https:\/\/i0.wp.com\/www.deutschsprachigertisch-orihuelacosta.eu\/wp-content\/uploads\/2021\/06\/bodega-florentino-perez.jpeg?w=350 350w, https:\/\/i0.wp.com\/www.deutschsprachigertisch-orihuelacosta.eu\/wp-content\/uploads\/2021\/06\/bodega-florentino-perez.jpeg?resize=300%2C225 300w\" sizes=\"auto, (max-width: 350px) 100vw, 350px\" \/><strong><span style=\"color: #ff0000;\"><br \/>Dtoc-Fahrt zur Bodega Florentino Perez<\/span><br \/><\/strong>Am 11. Juni 2021 war es endlich mal wieder so weit, dass der Dtoc eine Fahrt unternehmen konnte. Alle Teilnehmer haben sich gefreut und den Tag so richtig genossen. Es war eine ganz gelungene Tagesfahrt in der Vorbereitung und Durchf\u00fchrung.<br \/><strong>&gt;&gt;&gt; \u201e<a href=\"https:\/\/photos.app.goo.gl\/i5mgPgJtu3z1ZsRaA\" target=\"_blank\" rel=\"noopener\">Bodega Florentino Perez<\/a>\u201c &lt;&lt;&lt;<br \/><\/strong>Fotos: Norbert Ellmers<br \/>\u00a0<\/td>\n<\/tr>\n<tr>\n<td style=\"width: 60.3571%;\"><img data-recalc-dims=\"1\" loading=\"lazy\" decoding=\"async\" data-attachment-id=\"15442\" data-permalink=\"http:\/\/www.deutschsprachigertisch-orihuelacosta.eu\/?attachment_id=15442\" data-orig-file=\"https:\/\/i0.wp.com\/www.deutschsprachigertisch-orihuelacosta.eu\/wp-content\/uploads\/2021\/05\/vatertag-2021.jpg?fit=200%2C267\" data-orig-size=\"200,267\" data-comments-opened=\"0\" data-image-meta=\"{&quot;aperture&quot;:&quot;0&quot;,&quot;credit&quot;:&quot;&quot;,&quot;camera&quot;:&quot;&quot;,&quot;caption&quot;:&quot;&quot;,&quot;created_timestamp&quot;:&quot;0&quot;,&quot;copyright&quot;:&quot;&quot;,&quot;focal_length&quot;:&quot;0&quot;,&quot;iso&quot;:&quot;0&quot;,&quot;shutter_speed&quot;:&quot;0&quot;,&quot;title&quot;:&quot;&quot;,&quot;orientation&quot;:&quot;0&quot;}\" data-image-title=\"vatertag-2021\" data-image-description=\"\" data-image-caption=\"\" data-large-file=\"https:\/\/i0.wp.com\/www.deutschsprachigertisch-orihuelacosta.eu\/wp-content\/uploads\/2021\/05\/vatertag-2021.jpg?fit=200%2C267\" class=\"size-full wp-image-15442 alignleft\" src=\"https:\/\/i0.wp.com\/www.deutschsprachigertisch-orihuelacosta.eu\/wp-content\/uploads\/2021\/05\/vatertag-2021.jpg?resize=200%2C267\" alt=\"\" width=\"200\" height=\"267\" \/><strong><br \/><br \/><span style=\"color: #ff0000;\">Der Dtoc feiert den Vatertag im Paulaner<\/span><br \/><\/strong>Am 13. Mai 2021 feierte der Dtoc Vatertag im Paulaner.<br \/><strong>&gt;&gt;&gt; \u201e<a href=\"https:\/\/photos.app.goo.gl\/ogK8P82cgy6xLsTP7\" target=\"_blank\" rel=\"noopener\">Vatertag im Paulaner<\/a>\u201c &lt;&lt;&lt;<br \/><\/strong>Fotos: Reiner Kohlstedt<\/td>\n<\/tr>\n<\/tbody>\n<\/table>","protected":false},"excerpt":{"rendered":"<p>Nikolausfahrt zu Ikea nach Murcia am 6. Dezember 2021&#8222;Die Fahrt nach Murcia zu Ikea war ein sch\u00f6nes Einkaufserlebnis&#8220;Ikea konnte sich freuen einige K\u00e4ufer vom Dtoc begr\u00fcssen zu k\u00f6nnen &#x1f60a;&#x1f601;!&gt;&gt;&gt; \u201eBildergalerie (&hellip;) <a href=\"http:\/\/www.deutschsprachigertisch-orihuelacosta.eu\/?page_id=15439\">Weiterlesen<\/a><\/p>\n","protected":false},"author":4,"featured_media":0,"parent":0,"menu_order":0,"comment_status":"closed","ping_status":"closed","template":"","meta":{"jetpack_post_was_ever_published":false,"footnotes":""},"class_list":["post-15439","page","type-page","status-publish","hentry"],"jetpack_sharing_enabled":true,"jetpack_shortlink":"https:\/\/wp.me\/P8bur2-411","jetpack-related-posts":[],"_links":{"self":[{"href":"http:\/\/www.deutschsprachigertisch-orihuelacosta.eu\/index.php?rest_route=\/wp\/v2\/pages\/15439","targetHints":{"allow":["GET"]}}],"collection":[{"href":"http:\/\/www.deutschsprachigertisch-orihuelacosta.eu\/index.php?rest_route=\/wp\/v2\/pages"}],"about":[{"href":"http:\/\/www.deutschsprachigertisch-orihuelacosta.eu\/index.php?rest_route=\/wp\/v2\/types\/page"}],"author":[{"embeddable":true,"href":"http:\/\/www.deutschsprachigertisch-orihuelacosta.eu\/index.php?rest_route=\/wp\/v2\/users\/4"}],"replies":[{"embeddable":true,"href":"http:\/\/www.deutschsprachigertisch-orihuelacosta.eu\/index.php?rest_route=%2Fwp%2Fv2%2Fcomments&post=15439"}],"version-history":[{"count":24,"href":"http:\/\/www.deutschsprachigertisch-orihuelacosta.eu\/index.php?rest_route=\/wp\/v2\/pages\/15439\/revisions"}],"predecessor-version":[{"id":15967,"href":"http:\/\/www.deutschsprachigertisch-orihuelacosta.eu\/index.php?rest_route=\/wp\/v2\/pages\/15439\/revisions\/15967"}],"wp:attachment":[{"href":"http:\/\/www.deutschsprachigertisch-orihuelacosta.eu\/index.php?rest_route=%2Fwp%2Fv2%2Fmedia&parent=15439"}],"curies":[{"name":"wp","href":"https:\/\/api.w.org\/{rel}","templated":true}]}}