{"id":452,"date":"2013-11-23T14:19:07","date_gmt":"2013-11-23T12:19:07","guid":{"rendered":"http:\/\/www.deutschsprachigertisch-orihuelacosta.eu\/?page_id=452"},"modified":"2025-03-10T22:06:11","modified_gmt":"2025-03-10T21:06:11","slug":"unsere-anlaesse","status":"publish","type":"page","link":"http:\/\/www.deutschsprachigertisch-orihuelacosta.eu\/?page_id=452","title":{"rendered":"Fotos unserer Anl\u00e4sse"},"content":{"rendered":"<p><em>Sind Sie Vereinsmitglied und m\u00f6chten ein Video oder ein Fotoalbum von einem unserer Anl\u00e4sse ver\u00f6ffentlichen, nehmen Sie bitte mit uns Kontakt auf:<\/em> <a href=\"mailto:dtoc.events@gmail.com\" target=\"_blank\" rel=\"noopener noreferrer\">dtoc.events@gmail.com<\/a>.<\/p>\n<p>Bilder\/Fotos herunterladen? So geht&#8217;s!<\/p>\n<ul>\n<li>gew\u00fcnschtes Bild anklicken zum Vergr\u00f6ssern<\/li>\n<li>Mausklick <em><strong>rechts<\/strong><\/em> in&#8217;s Bild<\/li>\n<li>Bild speichern unter &#8230; (beim Internet Explorer und bei GoogleChrome)<\/li>\n<li>oder<\/li>\n<li>Grafik speichern unter &#8230; (beim Firefox)<\/li>\n<li>Speicherort merken<\/li>\n<li>Speichern &gt; anklicken<\/li>\n<\/ul>\n<p><a href=\"http:\/\/www.deutschsprachigertisch-orihuelacosta.eu\/?page_id=17181\"><span style=\"color: #ff0000;\"><strong>Im Jahr 2025<\/strong><\/span><\/a><\/p>\n<p><a href=\"http:\/\/www.deutschsprachigertisch-orihuelacosta.eu\/?page_id=16655\"><strong>Im Jahr 2023 und 2024<\/strong><\/a><\/p>\n<p><a href=\"http:\/\/www.deutschsprachigertisch-orihuelacosta.eu\/?page_id=16072\"><strong>Im Jahr 2022<\/strong><\/a><\/p>\n<p><a href=\"http:\/\/www.deutschsprachigertisch-orihuelacosta.eu\/?page_id=15439\"><strong>Im Jahr 2021<\/strong><\/a><\/p>\n<p><a href=\"http:\/\/www.deutschsprachigertisch-orihuelacosta.eu\/?page_id=14744\"><strong>Im Jahr 2020<\/strong><\/a><\/p>\n<p><a href=\"http:\/\/www.deutschsprachigertisch-orihuelacosta.eu\/?page_id=13408\"><strong>Im Jahr 2019<\/strong><\/a><\/p>\n<p><a href=\"http:\/\/www.deutschsprachigertisch-orihuelacosta.eu\/?page_id=11616\"><strong>Im Jahr 2018<\/strong><\/a><\/p>\n<p><strong><a href=\"http:\/\/www.deutschsprachigertisch-orihuelacosta.eu\/?page_id=9589\">Im Jahr 2017<\/a><\/strong><\/p>\n<p><a href=\"http:\/\/www.deutschsprachigertisch-orihuelacosta.eu\/?page_id=6537\"><strong>Im Jahr 2016<\/strong><\/a><\/p>\n<p><a href=\"http:\/\/www.deutschsprachigertisch-orihuelacosta.eu\/?page_id=3961\"><strong>Im Jahr 2015<\/strong><\/a><\/p>\n<p><a href=\"http:\/\/www.deutschsprachigertisch-orihuelacosta.eu\/?page_id=1810\"><strong>Im Jahr 2014<\/strong><\/a><\/p>\n<p><a href=\"http:\/\/www.deutschsprachigertisch-orihuelacosta.eu\/?page_id=95\"><strong>Im Jahr 2013<\/strong><\/a><\/p>\n<p><a title=\"2012 Fotos\" href=\"http:\/\/www.deutschsprachigertisch-orihuelacosta.eu\/?page_id=459\"><strong>Im Jahr 2012<\/strong><\/a><\/p>\n<p><a href=\"http:\/\/www.deutschsprachigertisch-orihuelacosta.eu\/?page_id=519\"><strong>Im Jahr 2011<\/strong><\/a><\/p>","protected":false},"excerpt":{"rendered":"<p>Sind Sie Vereinsmitglied und m\u00f6chten ein Video oder ein Fotoalbum von einem unserer Anl\u00e4sse ver\u00f6ffentlichen, nehmen Sie bitte mit uns Kontakt auf: dtoc.events@gmail.com. Bilder\/Fotos herunterladen? So geht&#8217;s! gew\u00fcnschtes Bild anklicken (&hellip;) <a href=\"http:\/\/www.deutschsprachigertisch-orihuelacosta.eu\/?page_id=452\">Weiterlesen<\/a><\/p>\n","protected":false},"author":4,"featured_media":0,"parent":0,"menu_order":0,"comment_status":"closed","ping_status":"closed","template":"","meta":{"jetpack_post_was_ever_published":false,"footnotes":""},"class_list":["post-452","page","type-page","status-publish","hentry"],"jetpack_sharing_enabled":true,"jetpack_shortlink":"https:\/\/wp.me\/P8bur2-7i","jetpack-related-posts":[],"_links":{"self":[{"href":"http:\/\/www.deutschsprachigertisch-orihuelacosta.eu\/index.php?rest_route=\/wp\/v2\/pages\/452","targetHints":{"allow":["GET"]}}],"collection":[{"href":"http:\/\/www.deutschsprachigertisch-orihuelacosta.eu\/index.php?rest_route=\/wp\/v2\/pages"}],"about":[{"href":"http:\/\/www.deutschsprachigertisch-orihuelacosta.eu\/index.php?rest_route=\/wp\/v2\/types\/page"}],"author":[{"embeddable":true,"href":"http:\/\/www.deutschsprachigertisch-orihuelacosta.eu\/index.php?rest_route=\/wp\/v2\/users\/4"}],"replies":[{"embeddable":true,"href":"http:\/\/www.deutschsprachigertisch-orihuelacosta.eu\/index.php?rest_route=%2Fwp%2Fv2%2Fcomments&post=452"}],"version-history":[{"count":13,"href":"http:\/\/www.deutschsprachigertisch-orihuelacosta.eu\/index.php?rest_route=\/wp\/v2\/pages\/452\/revisions"}],"predecessor-version":[{"id":17188,"href":"http:\/\/www.deutschsprachigertisch-orihuelacosta.eu\/index.php?rest_route=\/wp\/v2\/pages\/452\/revisions\/17188"}],"wp:attachment":[{"href":"http:\/\/www.deutschsprachigertisch-orihuelacosta.eu\/index.php?rest_route=%2Fwp%2Fv2%2Fmedia&parent=452"}],"curies":[{"name":"wp","href":"https:\/\/api.w.org\/{rel}","templated":true}]}}