{"id":51,"date":"2010-03-18T11:05:48","date_gmt":"2010-03-18T11:05:48","guid":{"rendered":"http:\/\/www.deutschsprachigertisch-orihuelacosta.eu\/?page_id=51"},"modified":"2025-02-18T22:05:39","modified_gmt":"2025-02-18T21:05:39","slug":"impressum","status":"publish","type":"page","link":"http:\/\/www.deutschsprachigertisch-orihuelacosta.eu\/?page_id=51","title":{"rendered":"Impressum"},"content":{"rendered":"<p>CIF-Nr. G54482336<\/p>\n<p>Postanschrift:<br \/>\nDeutschsprachiger Tisch Orihuela-Costa<br \/>\nUrbanizaci\u00f3n Aloe<br \/>\nCalle del Morral 33<br \/>\nES-03189 Orihuela-Costa<br \/>\n+34 645 290 977<br \/>\neMail: <a href=\"mailto:info@dtoc.eu\" target=\"_blank\" rel=\"noopener noreferrer\">info@dtoc.eu<\/a><br \/>\nInternet: <a href=\"undefined\/\" target=\"_blank\" rel=\"noopener noreferrer\">www.deutschsprachigertisch-orihuelacosta.eu<\/a><\/p>\n<p>Haftungshinweis: Trotz sorgf\u00e4ltiger inhaltlicher Kontrolle \u00fcbernehmen wir keine Haftung f\u00fcr die Inhalte externer Links. F\u00fcr den Inhalt der verlinkten Seiten sind ausschliesslich deren Betreiber verantwortlich.<\/p>\n<p>Bilder von Online-Plattformen unterliegen den AGB&#8217;s, den Nutzungsbedingungen und den Richtlinien des Betreibers des Fotoportals.<\/p>\n<p>WebDesign: Stefan Pokroppa: <a href=\"mailto:stefan@orihuela-costa.eu\" target=\"_blank\" rel=\"noopener noreferrer\">stefan@orihuela-costa.eu<\/a>.<\/p>","protected":false},"excerpt":{"rendered":"<p>CIF-Nr. G54482336 Postanschrift: Deutschsprachiger Tisch Orihuela-Costa Urbanizaci\u00f3n Aloe Calle del Morral 33 ES-03189 Orihuela-Costa +34 645 290 977 eMail: info@dtoc.eu Internet: www.deutschsprachigertisch-orihuelacosta.eu Haftungshinweis: Trotz sorgf\u00e4ltiger inhaltlicher Kontrolle \u00fcbernehmen wir keine (&hellip;) <a href=\"http:\/\/www.deutschsprachigertisch-orihuelacosta.eu\/?page_id=51\">Weiterlesen<\/a><\/p>\n","protected":false},"author":2,"featured_media":0,"parent":0,"menu_order":31,"comment_status":"closed","ping_status":"closed","template":"","meta":{"jetpack_post_was_ever_published":false,"footnotes":""},"class_list":["post-51","page","type-page","status-publish","hentry"],"jetpack_sharing_enabled":true,"jetpack_shortlink":"https:\/\/wp.me\/P8bur2-P","jetpack-related-posts":[],"_links":{"self":[{"href":"http:\/\/www.deutschsprachigertisch-orihuelacosta.eu\/index.php?rest_route=\/wp\/v2\/pages\/51","targetHints":{"allow":["GET"]}}],"collection":[{"href":"http:\/\/www.deutschsprachigertisch-orihuelacosta.eu\/index.php?rest_route=\/wp\/v2\/pages"}],"about":[{"href":"http:\/\/www.deutschsprachigertisch-orihuelacosta.eu\/index.php?rest_route=\/wp\/v2\/types\/page"}],"author":[{"embeddable":true,"href":"http:\/\/www.deutschsprachigertisch-orihuelacosta.eu\/index.php?rest_route=\/wp\/v2\/users\/2"}],"replies":[{"embeddable":true,"href":"http:\/\/www.deutschsprachigertisch-orihuelacosta.eu\/index.php?rest_route=%2Fwp%2Fv2%2Fcomments&post=51"}],"version-history":[{"count":7,"href":"http:\/\/www.deutschsprachigertisch-orihuelacosta.eu\/index.php?rest_route=\/wp\/v2\/pages\/51\/revisions"}],"predecessor-version":[{"id":17139,"href":"http:\/\/www.deutschsprachigertisch-orihuelacosta.eu\/index.php?rest_route=\/wp\/v2\/pages\/51\/revisions\/17139"}],"wp:attachment":[{"href":"http:\/\/www.deutschsprachigertisch-orihuelacosta.eu\/index.php?rest_route=%2Fwp%2Fv2%2Fmedia&parent=51"}],"curies":[{"name":"wp","href":"https:\/\/api.w.org\/{rel}","templated":true}]}}