{"id":53,"date":"2010-03-20T07:02:46","date_gmt":"2010-03-20T07:02:46","guid":{"rendered":"http:\/\/www.deutschsprachigertisch-orihuelacosta.eu\/?page_id=53"},"modified":"2024-10-11T08:47:58","modified_gmt":"2024-10-11T07:47:58","slug":"dtoc-notfall","status":"publish","type":"page","link":"http:\/\/www.deutschsprachigertisch-orihuelacosta.eu\/?page_id=53","title":{"rendered":"Notfall"},"content":{"rendered":"<p><strong>Was mache ich im Notfall &gt; <span style=\"color: #ff0000;\">Notrufnummer 112<\/span><\/strong><\/p>\n<p>Wenn Sie kein Spanisch k\u00f6nnen, sagen Sie bitte nachfolgenden Text auf, Sie werden dann mit einem Deutschsprachigen verbunden: &#8222;Lo siento. No hablo espa\u00f1ol. Nececito un empleado que habla alem\u00e1n, por favor!<\/p>\n<p>Notrufnummer f\u00fcr Vergiftungsf\u00e4lle in Spanien: 915 628 469 (einzige Fremdsprache Englisch)<br \/>\nToxicol\u00f3gica<br \/>\nC\/ Luis Cabrera, 9<br \/>\n28002 Madrid<\/p>\n<p>Alle deutschsprachigen \u00c4rzte, Apotheken (Farmacias), Centro de Salud von Orihuela-Costa, sowie einige Apotheken und Krankenh\u00e4user von Torrevieja auf einen Blick.<\/p>\n<p><strong>Allgemeinmedizin und Kinderkrankheiten Naturheilverfahren und Hom\u00f6opathie<\/strong><br \/>\nDra. Pastora Miguel \u00c1lvarez (Deutsche Approbation als \u00c4rztin)<br \/>\nArztpraxis: Montag bis Freitag (09:00 bis 13:00 Uhr)<br \/>\nCalle Lirio 60<br \/>\nUrb. <span style=\"color: #ff0000;\"><strong>Pinar de Campoverde<\/strong><\/span><br \/>\n03191 <span style=\"color: #ff0000;\"><strong>Pilar de la Horadada<\/strong><\/span><br \/>\n+34 966 762 936 Telefon<br \/>\n+34 619 346 557 Mobile<br \/>\nemail: <a href=\"mailto:pastoramiguelalvarez@gmail.com\" target=\"_blank\" rel=\"noopener noreferrer\">pastoramiguelalvarez@gmail.com<\/a><br \/>\n<a href=\"http:\/\/www.pastoramiguel.com\" target=\"_blank\" rel=\"noopener noreferrer\">www.pastoramiguel.com<\/a><\/p>\n<p><strong>Allgemein Mediziner<\/strong><br \/>\nDr. Frank Schuermann<br \/>\n+34 629 355 382 Telefon<br \/>\n\u00d6ffnungszeiten:<br \/>\n09:30 bis 11:00 Uhr Punta Prima<br \/>\n12:30 bis 14:00 Uhr Rojales<br \/>\n16:00 bis 18:00 Uhr Carrefour<br \/>\nweitere Termine nach Vereinbarung!<br \/>\neMail: <a href=\"mailto:contacto@centromedicorojales.com\" target=\"_blank\" rel=\"noopener noreferrer\">contacto@centromedicorojales.com<\/a><br \/>\nCentro M\u00e9dico Rojales<br \/>\nPlaza de la Musica<br \/>\nCalle La Marina 19<br \/>\n03170 <span style=\"color: #ff0000;\"><strong>Rojales<\/strong><\/span><\/p>\n<p><strong>Allgemeine Mediziner \/ Naturheilverfahren<\/strong><br \/>\nDr. Josef M\u00fcnchrath<br \/>\nDo\u00f1a In\u00e9s, Cristina 4<br \/>\n03184 <span style=\"color: #ff0000;\"><strong>Torrevieja<\/strong><\/span><br \/>\n+34 966 702 554 Telefon<br \/>\n+34 609 315 934 Mobil<br \/>\nSprechzeiten: Montag 15:00 &#8211; 19:00 Uhr, Dienstag &#8211; Freitag 09:00 &#8211; 13:00 Uhr und nach Vereinbarung<\/p>\n<p><strong>Facharzt f\u00fcr Orthop\u00e4die und orthop\u00e4dische Chirurgie<\/strong> der Universit\u00e4t Z\u00fcrich<br \/>\nKonservative und chirurgische Behandlung des Bewegungsapparates<br \/>\nDr. med. Manuel Rodriguez<\/p>\n<table>\n<tbody>\n<tr>\n<td style=\"text-align: left; vertical-align: top;\">Praxis und Belegarzt:<br \/>\nHospital IMED Elche<br \/>\nCalle Max Plank 3 (Parque Emprearial)<br \/>\n03203 Elche<\/td>\n<td style=\"text-align: left; vertical-align: top;\">Sprechstunde:<br \/>\nPoliclinica IMED<br \/>\nAvda. Rosa Maz\u00f3n Valero s\/n<br \/>\n03184 Torrevieja<\/td>\n<\/tr>\n<\/tbody>\n<\/table>\n<p>+34 966 878 798 Festnetz<br \/>\n+34 639 060 134 oder +34 678 291 374<br \/>\neMail: <a href=\"mailto:marodriguezb@live.com\" target=\"_blank\" rel=\"noopener noreferrer\">marodriguezb@live.com<br \/>\n<\/a>Um telefonische Terminvereinbarung wird gebeten.<\/p>\n<p><strong>Herz-Thorax-Gef\u00e4sschirurg &amp; Allgemeinmedizin<br \/>\n<\/strong>Dr.med. Eccard Dombrowicz<br \/>\nLa Regia, C\/Isla Formentera (im Sophia Wellness Center)<br \/>\n03189 <span style=\"color: #ff0000;\"><strong>Orihuela-Costa<\/strong><\/span><br \/>\n+34 965 322 838 Telefon<br \/>\n+34 965 322 489 Fax<br \/>\neMail: <a href=\"mailto:info@clinicacaboroig.com\" target=\"_blank\" rel=\"noopener noreferrer\">info@clinicacaboroig.com<\/a><br \/>\n<a href=\"http:\/\/www.clinicacaboroig.com\" target=\"_blank\" rel=\"noopener noreferrer\">www.clinicacaboroig.com<\/a><\/p>\n<p><strong>Facharzt f\u00fcr Urologie<\/strong><br \/>\nDr. med. Peter Senes<br \/>\nLa Regia, C\/Isla Formentera (im Sophia Wellness Center)<br \/>\n03189 <span style=\"color: #ff0000;\"><strong>Orihuela-Costa<\/strong><\/span><br \/>\n+34 965 322 838 Telefon<br \/>\n+34 965 322 489 Fax<br \/>\neMail: <a href=\"mailto:clinicacaboroig@eMail.com\" target=\"_blank\" rel=\"noopener noreferrer\">clinicacaboroig@eMail.com<\/a><\/p>\n<p><strong>Zahnarzt<\/strong><br \/>\nDra. Judit G\u00f3mez &#8211; Deutsche Zahnarztpraxis<br \/>\nCalle Ramon Gallud 16, 3. Etage<br \/>\n03181 Torrevieja<br \/>\nProthetik &#8211; Implantologie, Paradontologie, \u00c4stetische Zahnheilkunde, Smile Design, Kinderbehandlung<br \/>\n+34 965 708 421 Festentz<br \/>\n+34 685 831 122 Mobil f\u00fcr Notf\u00e4lle<br \/>\neMail: gomezjudit@yahoo.es<br \/>\n09:30 &#8211; 14:00 Uhr und<br \/>\n17:00 &#8211; 20:00 Uhr Montag &#8211; Freitag<br \/>\n10:00 &#8211; 14:00 Uhr Samstag<\/p>\n<p style=\"margin-bottom: 0cm;\"><strong>Zahnarzt<\/strong><br \/>\nDr. med. dent. Daniel Schorle<br \/>\n03189 <span style=\"color: #ff0000;\"><strong>Orihuela-Costa<\/strong><\/span><br \/>\nUrb. Playa Flamenca<br \/>\nEdif. Orihuela<br \/>\nC\/ Pablo Picasso 1 &#8211; 1\u00ba<\/p>\n<p style=\"margin-bottom: 0cm;\">+34 966 773 116 Telefon und Fax<\/p>\n<p>eMail: <a href=\"mailto:info@dentistorihuela.com\" target=\"_blank\" rel=\"noopener noreferrer\">info@dentistorihuela.com<\/a><a href=\"mailto:info@dentistorihuela.com\" target=\"_blank\" rel=\"noopener noreferrer\"><br \/>\n<\/a>gegen\u00fcber dem Rathaus, \u00d6ffnungszeiten Mo-Fr 09:00 bis 18:00 Uhr<\/p>\n<p><strong>Zahnarzt<\/strong><br \/>\nDr. med. dent. Gerhard Nagel<br \/>\nVia Park V,<br \/>\nC\/ Lagunas de Ruidera S\/N<br \/>\n03189 <span style=\"color: #ff0000;\"><strong>Orihuela-Costa<br \/>\n<\/strong><\/span> +34 966 730 058 Telefon und Fax<br \/>\n+34 607 821 433 Mobil<br \/>\neMail: <a href=\"mailto:info@zahnarzt-spanien.de\" target=\"_blank\" rel=\"noopener noreferrer\">info@zahnarzt-spanien.de<\/a><\/p>\n<p><strong>Zahnarzt<br \/>\n<\/strong>Dr. med. dent. Franz Ulrich Mohr<br \/>\nZahnarzt, Kieferorthop\u00e4de<br \/>\nAvenida de la Asunci\u00f3n 5, 2a<br \/>\n03186 Los Balcones, Torrevieja<br \/>\nTel. +34 665 144 347<br \/>\nEmail: <a href=\"mailto:german.dental.studio.spain@gmail.com\">german.dental.studio.spain@gmail.com<\/a><\/p>\n<p><strong>Zahnarzt<\/strong><br \/>\nDeutsche Zahnarztpraxis Robert Krause (Clinica Dental Alemana)<br \/>\nAvda. de la Asunci\u00f3n 7, 1. Etage<br \/>\n03186 <span style=\"color: #ff0000;\"><strong>Los Balcones (Torrevieja)<\/strong><\/span><br \/>\n+34 966 799 236 Telefon<br \/>\n+34 679 233 207 Notfall<br \/>\n10:00 bis 14:00 Uhr Montag, Mittwoch und Donnerstag<br \/>\n17:00 bis 20:00 Uhr Montag, Mittwoch und Donnerstag<br \/>\n10:00 bis 18:00 Uhr Dienstag<br \/>\n10:00 bis 13:00 Uhr Freitag<\/p>\n<p><strong>Zahntechnikermeister<\/strong><br \/>\nLaboratorio Dental Orelj (wir sprechen Deutsch)<br \/>\nPlaza Waldo Calero 5, piso 4<br \/>\n03181 <span style=\"color: #ff0000;\"><strong>Torrevieja<\/strong><\/span><br \/>\n+34 965 714 009 Telefon<br \/>\n+34 644 123 140 Mobil<br \/>\neMail: <a href=\"mailto:cedoo@web.de\" target=\"_blank\" rel=\"noopener noreferrer\">cedoo@web.de<\/a><\/p>\n<p><strong>Centro de Salud Orihuela-Costa<br \/>\n<span style=\"font-weight: normal;\">Calle Mar, Urb. Villacosta I, 1<br \/>\n03189 <span style=\"color: #ff0000;\"><strong>Orihuela-Costa<\/strong><\/span><br \/>\n+34 <\/span><\/strong>965 322 965 \/ 966 Telefon<\/p>\n<p><strong>Krankenh\u00e4user in Torrevieja<\/strong><\/p>\n<p>\u00d6ffentliches Krankenhaus, Hospital de <span style=\"color: #ff0000;\"><strong>Torrevieja<\/strong><\/span> (f\u00fcr alle Patienten)<br \/>\nTel. +34 965 721 200 (24 Std.)<br \/>\nF\u00fcr Behandlungstermine w\u00e4hlen Sie bitte Tel. +34 965 721 400<\/p>\n<p>Hospital Quri\u00f3n Krankenhaus f\u00fcr Privatpatienten<br \/>\nPartida de la Loma, s\/n<br \/>\n03180 <strong><span style=\"color: #ff0000;\">Torrevieja<\/span><\/strong><br \/>\n+34 966 921 313 Telefon<br \/>\neMail: <a href=\"mailto:info.hsj@usphospitales.com\" target=\"_blank\" rel=\"noopener noreferrer\">info.hsj@usphospitales.com<\/a><\/p>\n<p><strong>Apotheken (Farmacias) in Orihuela-Costa u. wichtige von Torrevieja<\/strong><\/p>\n<p>Bei den diensthabenden Apotheken blinkt immer das <span style=\"color: #99cc00;\"><strong>gr\u00fcne Kreuz<\/strong><\/span>.<br \/>\nBei den geschlossenen Apotheken steht angeschrieben, welche Apotheken in der n\u00e4hren Umgebung Dienst haben.<\/p>\n<p>Farmacia Zenia Boulevard 03189 <span style=\"color: #ff0000;\"><strong>Orihuela-Costa<\/strong><\/span><br \/>\nCalle Jade<br \/>\ndirekt neben der Bowlingbahn<br \/>\n34 965 355 821 Telefon<br \/>\neMail: <a href=\"mailto:farmaciazeniaboulevard@gmail.com\" target=\"_blank\" rel=\"noopener noreferrer\">farmaciazeniaboulevard@gmail.com<\/a><\/p>\n<p>Farmacia Campoamor (3 Mitarbeiterinnen Deutsch!)<br \/>\nUrb. Dehesa de Campoamor, Avda. de las Adelfas, 45<br \/>\n03189 <strong><span style=\"color: #ff0000;\">Orihuela-Costa<\/span><\/strong><br \/>\n+34 965 320 584 Telefon<br \/>\n+34 965 322 835 Fax<br \/>\neMail: <a href=\"mailto:info@farmaciacampoamor.com\" target=\"_blank\" rel=\"noopener noreferrer\">info@farmaciacampoamor.com<\/a><\/p>\n<p>Farmacia Ortopedia Penalva (Deutsch wird verstanden, 1 Mitarbeiterin spricht deutsch!)<br \/>\nCentro Comercial La Fuente<br \/>\nAvda. Los Pirineos (nahe Kanal Tajo-Segura)<br \/>\n03189 <span style=\"color: #ff0000;\"><strong>Orihuela-Costa<\/strong><\/span><br \/>\n+34 965 300 099 Telefon<br \/>\neMail: <a href=\"mailto:farmaciapenalva@live.com\" target=\"_blank\" rel=\"noopener noreferrer\">farmaciapenalva@live.com<\/a><\/p>\n<p>Farmacia La Zenia (einzige Fremdsprache Englisch)<br \/>\nAvd. De la Playa, Edif. Madrid<br \/>\n03189 <span style=\"color: #ff0000;\"><strong>Orihuela-Costa<\/strong><\/span><br \/>\n+34 966 760 025 Telefon<br \/>\neMail: <a href=\"mailto:farmacialazenia@farmacialazenia.com\" target=\"_blank\" rel=\"noopener noreferrer\">farmacialazenia@farmacialazenia.com<\/a><\/p>\n<p>Farmacia in Punta Prima (einzige Fremdsprache Englisch)<br \/>\nVilla Don Quijote, Local 8, Urb. Rocio del Mar<br \/>\n03180 <span style=\"color: #ff0000;\"><strong>Torrevieja<\/strong><\/span><br \/>\n+34 966 705 554 Telefon<br \/>\n+34 966 707 801 Fax<\/p>\n<p>Farmacia Punta Marina (1 Mitarbeiterin spricht Deutsch!)<br \/>\nC.C. Punta Prima<br \/>\n03185 <span style=\"color: #ff0000;\"><strong>Torrevieja<\/strong><\/span><br \/>\n+34 966 722 838 Telefon<br \/>\neMail: <a href=\"mailto:asunbotitorre@hotmail.com\" target=\"_blank\" rel=\"noopener noreferrer\">asunbotitorre@hotmail.com<\/a><\/p>\n<p>Farmacia Ortopedia Los Balcones (hier wird Deutsch gesprochen!)<br \/>\nAvda. Orihuela, 27<br \/>\n03186 <span style=\"color: #ff0000;\"><strong>Torrevieja<\/strong><\/span><br \/>\n+34 966 722 625 Telefon<br \/>\nMo. &#8211; Fr., 08:30 \u2013 21:00 und Sa. 09:00 &#8211; 14:00 Uhr<\/p>\n<p>Farmacia Los Altos (einzige Fremdsprache Englisch)<br \/>\nUrb. Los Altos, C\/ Vistalmar, 97<br \/>\n03189 <span style=\"color: #ff0000;\"><strong>Orihuela-Costa<\/strong><\/span><br \/>\n+34 966 799 420 Telefon<\/p>\n<p>Alle Info&#8217;s und Angaben von Dienstleistungen, sowie Tel\/Fax und eMail-Adressen sind unter Ausschluss jedweder Gew\u00e4hrleistung! \u00c4nderungen k\u00f6nnen jeder Zeit m\u00f6glich sein, deshalb bitten wir, Fehler oder Ver\u00e4nderungen sofort an unsere eMail-Adresse info@dtoc.tel mitzuteilen, damit die Angaben immer auf dem aktuellsten Stand sind!<\/p>","protected":false},"excerpt":{"rendered":"<p>Was mache ich im Notfall &gt; Notrufnummer 112 Wenn Sie kein Spanisch k\u00f6nnen, sagen Sie bitte nachfolgenden Text auf, Sie werden dann mit einem Deutschsprachigen verbunden: &#8222;Lo siento. No hablo (&hellip;) <a href=\"http:\/\/www.deutschsprachigertisch-orihuelacosta.eu\/?page_id=53\">Weiterlesen<\/a><\/p>\n","protected":false},"author":2,"featured_media":0,"parent":0,"menu_order":14,"comment_status":"closed","ping_status":"closed","template":"","meta":{"jetpack_post_was_ever_published":false,"footnotes":""},"class_list":["post-53","page","type-page","status-publish","hentry"],"jetpack_sharing_enabled":true,"jetpack_shortlink":"https:\/\/wp.me\/P8bur2-R","jetpack-related-posts":[],"_links":{"self":[{"href":"http:\/\/www.deutschsprachigertisch-orihuelacosta.eu\/index.php?rest_route=\/wp\/v2\/pages\/53","targetHints":{"allow":["GET"]}}],"collection":[{"href":"http:\/\/www.deutschsprachigertisch-orihuelacosta.eu\/index.php?rest_route=\/wp\/v2\/pages"}],"about":[{"href":"http:\/\/www.deutschsprachigertisch-orihuelacosta.eu\/index.php?rest_route=\/wp\/v2\/types\/page"}],"author":[{"embeddable":true,"href":"http:\/\/www.deutschsprachigertisch-orihuelacosta.eu\/index.php?rest_route=\/wp\/v2\/users\/2"}],"replies":[{"embeddable":true,"href":"http:\/\/www.deutschsprachigertisch-orihuelacosta.eu\/index.php?rest_route=%2Fwp%2Fv2%2Fcomments&post=53"}],"version-history":[{"count":5,"href":"http:\/\/www.deutschsprachigertisch-orihuelacosta.eu\/index.php?rest_route=\/wp\/v2\/pages\/53\/revisions"}],"predecessor-version":[{"id":16955,"href":"http:\/\/www.deutschsprachigertisch-orihuelacosta.eu\/index.php?rest_route=\/wp\/v2\/pages\/53\/revisions\/16955"}],"wp:attachment":[{"href":"http:\/\/www.deutschsprachigertisch-orihuelacosta.eu\/index.php?rest_route=%2Fwp%2Fv2%2Fmedia&parent=53"}],"curies":[{"name":"wp","href":"https:\/\/api.w.org\/{rel}","templated":true}]}}