{"id":55,"date":"2010-03-22T21:35:59","date_gmt":"2010-03-22T21:35:59","guid":{"rendered":"http:\/\/www.deutschsprachigertisch-orihuelacosta.eu\/?page_id=55"},"modified":"2013-12-22T20:29:37","modified_gmt":"2013-12-22T18:29:37","slug":"dtoc-anreise","status":"publish","type":"page","link":"http:\/\/www.deutschsprachigertisch-orihuelacosta.eu\/?page_id=55","title":{"rendered":"Anreise"},"content":{"rendered":"<p><strong>Sichere Anreise<\/strong><\/p>\n<p>Die sichere Anreise mit dem Auto an die Costa Blanca und was Sie unbedingt beachten sollten!<\/p>\n<p>Um sicher mit dem Auto an Ihren Urlaubsort zu gelangen, befolgen Sie bitte unbedingt folgende Tipps:<\/p>\n<p>Fahren Sie niemals einsame Parkpl\u00e4tze an. Ist dies unumg\u00e4nglich bleiben Sie bei Ihrem Fahrzeug. Wenn Sie eine Tankstelle oder Rastst\u00e4tte aufsuchen m\u00fcssen, behalten Sie Ihr Fahrzeug im Auge. Das Beste ist in jedem Fall, eine Person bleibt beim Fahrzeug. Unbemerkt k\u00f6nnen Ihre Reifen angestochen werden. Wenn Sie dann Ihre Fahrt fortsetzen, schauen Sie, dass Sie nicht verfolgt werden. Wird Ihnen von einem \u00fcberholenden Fahrzeug oder mit Lichthupe signalisiert, dass mit Ihrem Fahrzeug etwas nicht stimmt, halten Sie auf keinen Fall an, greifen Sie zum Mobiltelefon (machen Sie ein Foto), rufen Sie die Polizei \u00fcber 112 an. Verlassen Sie bei einer n\u00e4chst gr\u00f6sseren Ortschaft oder Rastst\u00e4tte die Autobahn, machen Sie durch Hupen (im Ort) auf sich aufmerksam. Meistens lassen die Verfolger dann von Ihnen ab. Wenn Sie sich das Kennzeichen und den Fahrzeugtyp merken konnten, teilen Sie das unbedingt der Polizei mit! Eine weitere M\u00f6glichkeit besteht darin, in einem Konvoi zu fahren, aber das erfordert Konzentration und Disziplin. Sie k\u00f6nnen auch\u00a0die Autobahn verlassen und zeitweilig die K\u00fcstenstrasse benutzen. Lassen Sie sich nicht verunsichern.<\/p>\n<p>Der Deutschsprachige Tisch in Orihuela-Costa w\u00fcnscht Ihnen eine sichere Anreise.<\/p>","protected":false},"excerpt":{"rendered":"<p>Sichere Anreise Die sichere Anreise mit dem Auto an die Costa Blanca und was Sie unbedingt beachten sollten! Um sicher mit dem Auto an Ihren Urlaubsort zu gelangen, befolgen Sie (&hellip;) <a href=\"http:\/\/www.deutschsprachigertisch-orihuelacosta.eu\/?page_id=55\">Weiterlesen<\/a><\/p>\n","protected":false},"author":2,"featured_media":0,"parent":0,"menu_order":24,"comment_status":"closed","ping_status":"closed","template":"","meta":{"jetpack_post_was_ever_published":false,"footnotes":""},"class_list":["post-55","page","type-page","status-publish","hentry"],"jetpack_sharing_enabled":true,"jetpack_shortlink":"https:\/\/wp.me\/P8bur2-T","jetpack-related-posts":[],"_links":{"self":[{"href":"http:\/\/www.deutschsprachigertisch-orihuelacosta.eu\/index.php?rest_route=\/wp\/v2\/pages\/55","targetHints":{"allow":["GET"]}}],"collection":[{"href":"http:\/\/www.deutschsprachigertisch-orihuelacosta.eu\/index.php?rest_route=\/wp\/v2\/pages"}],"about":[{"href":"http:\/\/www.deutschsprachigertisch-orihuelacosta.eu\/index.php?rest_route=\/wp\/v2\/types\/page"}],"author":[{"embeddable":true,"href":"http:\/\/www.deutschsprachigertisch-orihuelacosta.eu\/index.php?rest_route=\/wp\/v2\/users\/2"}],"replies":[{"embeddable":true,"href":"http:\/\/www.deutschsprachigertisch-orihuelacosta.eu\/index.php?rest_route=%2Fwp%2Fv2%2Fcomments&post=55"}],"version-history":[{"count":0,"href":"http:\/\/www.deutschsprachigertisch-orihuelacosta.eu\/index.php?rest_route=\/wp\/v2\/pages\/55\/revisions"}],"wp:attachment":[{"href":"http:\/\/www.deutschsprachigertisch-orihuelacosta.eu\/index.php?rest_route=%2Fwp%2Fv2%2Fmedia&parent=55"}],"curies":[{"name":"wp","href":"https:\/\/api.w.org\/{rel}","templated":true}]}}