{"id":6217,"date":"2015-12-13T23:08:29","date_gmt":"2015-12-13T22:08:29","guid":{"rendered":"http:\/\/www.deutschsprachigertisch-orihuelacosta.eu\/?page_id=6217"},"modified":"2021-05-01T00:17:59","modified_gmt":"2021-04-30T23:17:59","slug":"musiker-an-der-suedlichen-costa-blanca","status":"publish","type":"page","link":"http:\/\/www.deutschsprachigertisch-orihuelacosta.eu\/?page_id=6217","title":{"rendered":"Musiker an der s\u00fcdlichen Costa-Blanca"},"content":{"rendered":"<p>Der DTOC f\u00fchrt diese Seite, damit Sie deutschsprachige Musiker an der s\u00fcdlichen Costa Blanca, f\u00fcr private und gesch\u00e4ftliche Anl\u00e4sse buchen k\u00f6nnen.<\/p>\n<table>\n<tbody>\n<tr>\n<td><strong><span style=\"color: #ffffff; background-color: #333333;\"><img data-recalc-dims=\"1\" loading=\"lazy\" decoding=\"async\" data-attachment-id=\"11195\" data-permalink=\"http:\/\/www.deutschsprachigertisch-orihuelacosta.eu\/?attachment_id=11195\" data-orig-file=\"https:\/\/i0.wp.com\/www.deutschsprachigertisch-orihuelacosta.eu\/wp-content\/uploads\/2015\/12\/mr-colonia.jpg?fit=501%2C233\" data-orig-size=\"501,233\" data-comments-opened=\"0\" data-image-meta=\"{&quot;aperture&quot;:&quot;0&quot;,&quot;credit&quot;:&quot;&quot;,&quot;camera&quot;:&quot;&quot;,&quot;caption&quot;:&quot;&quot;,&quot;created_timestamp&quot;:&quot;0&quot;,&quot;copyright&quot;:&quot;&quot;,&quot;focal_length&quot;:&quot;0&quot;,&quot;iso&quot;:&quot;0&quot;,&quot;shutter_speed&quot;:&quot;0&quot;,&quot;title&quot;:&quot;&quot;,&quot;orientation&quot;:&quot;0&quot;}\" data-image-title=\"mr-colonia\" data-image-description=\"\" data-image-caption=\"\" data-large-file=\"https:\/\/i0.wp.com\/www.deutschsprachigertisch-orihuelacosta.eu\/wp-content\/uploads\/2015\/12\/mr-colonia.jpg?fit=501%2C233\" class=\"alignnone wp-image-11195 size-full\" src=\"https:\/\/i0.wp.com\/www.deutschsprachigertisch-orihuelacosta.eu\/wp-content\/uploads\/2015\/12\/mr-colonia.jpg?resize=501%2C233\" alt=\"\" width=\"501\" height=\"233\" srcset=\"https:\/\/i0.wp.com\/www.deutschsprachigertisch-orihuelacosta.eu\/wp-content\/uploads\/2015\/12\/mr-colonia.jpg?w=501 501w, https:\/\/i0.wp.com\/www.deutschsprachigertisch-orihuelacosta.eu\/wp-content\/uploads\/2015\/12\/mr-colonia.jpg?resize=300%2C140 300w\" sizes=\"auto, (max-width: 501px) 100vw, 501px\" \/><\/span><\/strong><\/td>\n<\/tr>\n<tr>\n<td><span style=\"color: #ff0000;\"><span style=\"color: #ff0000;\"><strong><img data-recalc-dims=\"1\" loading=\"lazy\" decoding=\"async\" data-attachment-id=\"10063\" data-permalink=\"http:\/\/www.deutschsprachigertisch-orihuelacosta.eu\/?attachment_id=10063\" data-orig-file=\"https:\/\/i0.wp.com\/www.deutschsprachigertisch-orihuelacosta.eu\/wp-content\/uploads\/2015\/12\/jo-swinnen.jpg?fit=250%2C250\" data-orig-size=\"250,250\" data-comments-opened=\"0\" data-image-meta=\"{&quot;aperture&quot;:&quot;0&quot;,&quot;credit&quot;:&quot;&quot;,&quot;camera&quot;:&quot;&quot;,&quot;caption&quot;:&quot;&quot;,&quot;created_timestamp&quot;:&quot;0&quot;,&quot;copyright&quot;:&quot;&quot;,&quot;focal_length&quot;:&quot;0&quot;,&quot;iso&quot;:&quot;0&quot;,&quot;shutter_speed&quot;:&quot;0&quot;,&quot;title&quot;:&quot;&quot;,&quot;orientation&quot;:&quot;0&quot;}\" data-image-title=\"jo-swinnen\" data-image-description=\"\" data-image-caption=\"\" data-large-file=\"https:\/\/i0.wp.com\/www.deutschsprachigertisch-orihuelacosta.eu\/wp-content\/uploads\/2015\/12\/jo-swinnen.jpg?fit=250%2C250\" class=\"size-full wp-image-10063 alignleft\" src=\"https:\/\/i0.wp.com\/www.deutschsprachigertisch-orihuelacosta.eu\/wp-content\/uploads\/2015\/12\/jo-swinnen.jpg?resize=250%2C250\" alt=\"\" width=\"250\" height=\"250\" srcset=\"https:\/\/i0.wp.com\/www.deutschsprachigertisch-orihuelacosta.eu\/wp-content\/uploads\/2015\/12\/jo-swinnen.jpg?w=250 250w, https:\/\/i0.wp.com\/www.deutschsprachigertisch-orihuelacosta.eu\/wp-content\/uploads\/2015\/12\/jo-swinnen.jpg?resize=150%2C150 150w\" sizes=\"auto, (max-width: 250px) 100vw, 250px\" \/><\/strong><\/span><\/span><strong><span style=\"color: #ffffff; background-color: #333333;\">Jo Swinnen<br \/>\n<\/span><\/strong>S\u00e4nger, Songwriter und Frontman bei der Gruppe Nite SpiritWebseiten:<br \/>\n<a href=\"http:\/\/www.nitespirit.be\" target=\"_blank\" rel=\"noopener\">http:\/\/www.nitespirit.be<\/a><br \/>\n<a href=\"http:\/\/facebook.com\/jo.swinnen1\" target=\"_blank\" rel=\"noopener\">http:\/\/facebook.com\/jo.swinnen1<\/a>Email: <a href=\"mailto:swinnen1@hotmail.com\">swinnen1@hotmail.com<\/a><br \/>\nTel.: +34 619 234 249<\/td>\n<\/tr>\n<tr>\n<td><img data-recalc-dims=\"1\" loading=\"lazy\" decoding=\"async\" data-attachment-id=\"11104\" data-permalink=\"http:\/\/www.deutschsprachigertisch-orihuelacosta.eu\/?attachment_id=11104\" data-orig-file=\"https:\/\/i0.wp.com\/www.deutschsprachigertisch-orihuelacosta.eu\/wp-content\/uploads\/2015\/12\/bernd-alleinunterhalter.jpg?fit=396%2C498\" data-orig-size=\"396,498\" data-comments-opened=\"0\" data-image-meta=\"{&quot;aperture&quot;:&quot;0&quot;,&quot;credit&quot;:&quot;&quot;,&quot;camera&quot;:&quot;&quot;,&quot;caption&quot;:&quot;&quot;,&quot;created_timestamp&quot;:&quot;0&quot;,&quot;copyright&quot;:&quot;&quot;,&quot;focal_length&quot;:&quot;0&quot;,&quot;iso&quot;:&quot;0&quot;,&quot;shutter_speed&quot;:&quot;0&quot;,&quot;title&quot;:&quot;&quot;,&quot;orientation&quot;:&quot;0&quot;}\" data-image-title=\"bernd-alleinunterhalter\" data-image-description=\"\" data-image-caption=\"\" data-large-file=\"https:\/\/i0.wp.com\/www.deutschsprachigertisch-orihuelacosta.eu\/wp-content\/uploads\/2015\/12\/bernd-alleinunterhalter.jpg?fit=396%2C498\" class=\"alignnone wp-image-11104 size-full\" src=\"https:\/\/i0.wp.com\/www.deutschsprachigertisch-orihuelacosta.eu\/wp-content\/uploads\/2015\/12\/bernd-alleinunterhalter.jpg?resize=396%2C498\" alt=\"\" width=\"396\" height=\"498\" srcset=\"https:\/\/i0.wp.com\/www.deutschsprachigertisch-orihuelacosta.eu\/wp-content\/uploads\/2015\/12\/bernd-alleinunterhalter.jpg?w=396 396w, https:\/\/i0.wp.com\/www.deutschsprachigertisch-orihuelacosta.eu\/wp-content\/uploads\/2015\/12\/bernd-alleinunterhalter.jpg?resize=239%2C300 239w\" sizes=\"auto, (max-width: 396px) 100vw, 396px\" \/><\/td>\n<\/tr>\n<tr>\n<td><span style=\"color: #800000;\"><strong><img data-recalc-dims=\"1\" loading=\"lazy\" decoding=\"async\" data-attachment-id=\"9638\" data-permalink=\"http:\/\/www.deutschsprachigertisch-orihuelacosta.eu\/?attachment_id=9638\" data-orig-file=\"https:\/\/i0.wp.com\/www.deutschsprachigertisch-orihuelacosta.eu\/wp-content\/uploads\/2015\/12\/hans__jung.jpg?fit=148%2C111\" data-orig-size=\"148,111\" data-comments-opened=\"0\" data-image-meta=\"{&quot;aperture&quot;:&quot;0&quot;,&quot;credit&quot;:&quot;&quot;,&quot;camera&quot;:&quot;&quot;,&quot;caption&quot;:&quot;&quot;,&quot;created_timestamp&quot;:&quot;0&quot;,&quot;copyright&quot;:&quot;&quot;,&quot;focal_length&quot;:&quot;0&quot;,&quot;iso&quot;:&quot;0&quot;,&quot;shutter_speed&quot;:&quot;0&quot;,&quot;title&quot;:&quot;&quot;,&quot;orientation&quot;:&quot;0&quot;}\" data-image-title=\"hans__jung\" data-image-description=\"\" data-image-caption=\"\" data-large-file=\"https:\/\/i0.wp.com\/www.deutschsprachigertisch-orihuelacosta.eu\/wp-content\/uploads\/2015\/12\/hans__jung.jpg?fit=148%2C111\" class=\"size-full wp-image-9638 alignleft\" src=\"https:\/\/i0.wp.com\/www.deutschsprachigertisch-orihuelacosta.eu\/wp-content\/uploads\/2015\/12\/hans__jung.jpg?resize=148%2C111\" alt=\"\" width=\"148\" height=\"111\" \/><\/strong><\/span><span style=\"color: #3366ff;\"><strong>Musik mit Hans<br \/>\n<\/strong><\/span>Live Musik auf dem Keyboard auch mit Gesang.<br \/>\nKleine Kompositionen zu besonderen Anl\u00e4ssen und ich schreibe Texte dazu.<br \/>\nDirigent von 2 Ch\u00f6ren in Spanisch, Deutsch und Englisch.<br \/>\nHans J\u00fcrgen Jung Tel.: +34 965 966 697 \u00a0 eMail:\u00a0<a class=\"moz-txt-link-abbreviated\" href=\"mailto:hansjurgenjung@gmail.com\">hansjurgenjung@gmail.com<\/a><\/td>\n<\/tr>\n<tr>\n<td><strong><strong><img data-recalc-dims=\"1\" loading=\"lazy\" decoding=\"async\" data-attachment-id=\"9507\" data-permalink=\"http:\/\/www.deutschsprachigertisch-orihuelacosta.eu\/?attachment_id=9507\" data-orig-file=\"https:\/\/i0.wp.com\/www.deutschsprachigertisch-orihuelacosta.eu\/wp-content\/uploads\/2015\/12\/Karin_Krause.jpg?fit=200%2C266\" data-orig-size=\"200,266\" data-comments-opened=\"0\" data-image-meta=\"{&quot;aperture&quot;:&quot;0&quot;,&quot;credit&quot;:&quot;&quot;,&quot;camera&quot;:&quot;&quot;,&quot;caption&quot;:&quot;&quot;,&quot;created_timestamp&quot;:&quot;0&quot;,&quot;copyright&quot;:&quot;&quot;,&quot;focal_length&quot;:&quot;0&quot;,&quot;iso&quot;:&quot;0&quot;,&quot;shutter_speed&quot;:&quot;0&quot;,&quot;title&quot;:&quot;&quot;,&quot;orientation&quot;:&quot;0&quot;}\" data-image-title=\"Karin_Krause\" data-image-description=\"\" data-image-caption=\"\" data-large-file=\"https:\/\/i0.wp.com\/www.deutschsprachigertisch-orihuelacosta.eu\/wp-content\/uploads\/2015\/12\/Karin_Krause.jpg?fit=200%2C266\" class=\"size-full wp-image-9507 alignleft\" src=\"https:\/\/i0.wp.com\/www.deutschsprachigertisch-orihuelacosta.eu\/wp-content\/uploads\/2015\/12\/Karin_Krause.jpg?resize=200%2C266\" alt=\"\" width=\"200\" height=\"266\" \/><\/strong><\/strong><span style=\"color: #800000;\"><strong>Karin Krause &#8211; Pianistin<\/strong><\/span><\/p>\n<p>&#8211; Musikalischer Rahmen bei besonderen Anl\u00e4ssen, auf Wunsch auch mit Gesangspartner (Oper\/ Musical\/Lied)<br \/>\n&#8211; Orgelspiel bei Hochzeiten o.\u00e4. in der Kirche<br \/>\n&#8211; Klavierunterricht<\/p>\n<p>Tel: 965328479 \/ 693660743<br \/>\neMail: <a href=\"mailto:nirakkrause@aol.com\">nirakkrause@aol.com<\/a><\/td>\n<\/tr>\n<tr>\n<td><strong><img data-recalc-dims=\"1\" loading=\"lazy\" decoding=\"async\" data-attachment-id=\"7482\" data-permalink=\"http:\/\/www.deutschsprachigertisch-orihuelacosta.eu\/?attachment_id=7482\" data-orig-file=\"https:\/\/i0.wp.com\/www.deutschsprachigertisch-orihuelacosta.eu\/wp-content\/uploads\/2016\/05\/Sabrina.jpg?fit=160%2C160\" data-orig-size=\"160,160\" data-comments-opened=\"0\" data-image-meta=\"{&quot;aperture&quot;:&quot;0&quot;,&quot;credit&quot;:&quot;&quot;,&quot;camera&quot;:&quot;&quot;,&quot;caption&quot;:&quot;&quot;,&quot;created_timestamp&quot;:&quot;0&quot;,&quot;copyright&quot;:&quot;&quot;,&quot;focal_length&quot;:&quot;0&quot;,&quot;iso&quot;:&quot;0&quot;,&quot;shutter_speed&quot;:&quot;0&quot;,&quot;title&quot;:&quot;&quot;,&quot;orientation&quot;:&quot;0&quot;}\" data-image-title=\"Sabrina\" data-image-description=\"\" data-image-caption=\"\" data-large-file=\"https:\/\/i0.wp.com\/www.deutschsprachigertisch-orihuelacosta.eu\/wp-content\/uploads\/2016\/05\/Sabrina.jpg?fit=160%2C160\" class=\"alignleft size-full wp-image-7482\" src=\"https:\/\/i0.wp.com\/www.deutschsprachigertisch-orihuelacosta.eu\/wp-content\/uploads\/2016\/05\/Sabrina.jpg?resize=160%2C160\" alt=\"Sabrina\" width=\"160\" height=\"160\" srcset=\"https:\/\/i0.wp.com\/www.deutschsprachigertisch-orihuelacosta.eu\/wp-content\/uploads\/2016\/05\/Sabrina.jpg?w=160 160w, https:\/\/i0.wp.com\/www.deutschsprachigertisch-orihuelacosta.eu\/wp-content\/uploads\/2016\/05\/Sabrina.jpg?resize=150%2C150 150w\" sizes=\"auto, (max-width: 160px) 100vw, 160px\" \/>Vollblutmusikerin &amp; S\u00e4ngerin Sabrina Liana Roncaldi.<\/strong><br \/>\nSabrina singt Rock, Pop, Balladen mehrsprachig!<br \/>\nSie k\u00f6nnen Sabrina buchen unter der eMail: <a href=\"mailto:aurora-well@web.de\" target=\"_blank\" rel=\"noopener\">aurora-well@web.de<\/a> oder telefonisch: +34 695 521 698.<\/td>\n<\/tr>\n<tr>\n<td><strong><img data-recalc-dims=\"1\" loading=\"lazy\" decoding=\"async\" data-attachment-id=\"6603\" data-permalink=\"http:\/\/www.deutschsprachigertisch-orihuelacosta.eu\/?attachment_id=6603\" data-orig-file=\"https:\/\/i0.wp.com\/www.deutschsprachigertisch-orihuelacosta.eu\/wp-content\/uploads\/2016\/01\/Duo-STAR-LIGHT.jpg?fit=200%2C132\" data-orig-size=\"200,132\" data-comments-opened=\"0\" data-image-meta=\"{&quot;aperture&quot;:&quot;0&quot;,&quot;credit&quot;:&quot;&quot;,&quot;camera&quot;:&quot;&quot;,&quot;caption&quot;:&quot;&quot;,&quot;created_timestamp&quot;:&quot;0&quot;,&quot;copyright&quot;:&quot;&quot;,&quot;focal_length&quot;:&quot;0&quot;,&quot;iso&quot;:&quot;0&quot;,&quot;shutter_speed&quot;:&quot;0&quot;,&quot;title&quot;:&quot;&quot;,&quot;orientation&quot;:&quot;0&quot;}\" data-image-title=\"Duo STAR LIGHT\" data-image-description=\"\" data-image-caption=\"\" data-large-file=\"https:\/\/i0.wp.com\/www.deutschsprachigertisch-orihuelacosta.eu\/wp-content\/uploads\/2016\/01\/Duo-STAR-LIGHT.jpg?fit=200%2C132\" class=\"alignleft size-full wp-image-6603\" src=\"https:\/\/i0.wp.com\/www.deutschsprachigertisch-orihuelacosta.eu\/wp-content\/uploads\/2016\/01\/Duo-STAR-LIGHT.jpg?resize=200%2C132\" alt=\"Duo STAR LIGHT\" width=\"200\" height=\"132\" \/>Duo STAR LIGHT<\/strong><br \/>\nLive Musik (auch deutsch) mit Betty Di (Gesang) und Vasko am Keyboard.<br \/>\nInternationale Musik querbeet auch mit deutschen Titeln!<br \/>\nBuchen k\u00f6nnen Sie das Duo bei Betty Di, Mobil: +34 688 384 382 oder bei Vasko, Mobil: +34 670 847 331.<\/td>\n<\/tr>\n<tr>\n<td><strong><img data-recalc-dims=\"1\" loading=\"lazy\" decoding=\"async\" data-attachment-id=\"6264\" data-permalink=\"http:\/\/www.deutschsprachigertisch-orihuelacosta.eu\/?attachment_id=6264\" data-orig-file=\"https:\/\/i0.wp.com\/www.deutschsprachigertisch-orihuelacosta.eu\/wp-content\/uploads\/2015\/12\/Mister-O.jpg?fit=200%2C81\" data-orig-size=\"200,81\" data-comments-opened=\"0\" data-image-meta=\"{&quot;aperture&quot;:&quot;0&quot;,&quot;credit&quot;:&quot;&quot;,&quot;camera&quot;:&quot;&quot;,&quot;caption&quot;:&quot;&quot;,&quot;created_timestamp&quot;:&quot;0&quot;,&quot;copyright&quot;:&quot;&quot;,&quot;focal_length&quot;:&quot;0&quot;,&quot;iso&quot;:&quot;0&quot;,&quot;shutter_speed&quot;:&quot;0&quot;,&quot;title&quot;:&quot;&quot;,&quot;orientation&quot;:&quot;0&quot;}\" data-image-title=\"Mister O\" data-image-description=\"\" data-image-caption=\"\" data-large-file=\"https:\/\/i0.wp.com\/www.deutschsprachigertisch-orihuelacosta.eu\/wp-content\/uploads\/2015\/12\/Mister-O.jpg?fit=200%2C81\" class=\"alignleft size-full wp-image-6264\" src=\"https:\/\/i0.wp.com\/www.deutschsprachigertisch-orihuelacosta.eu\/wp-content\/uploads\/2015\/12\/Mister-O.jpg?resize=200%2C81\" alt=\"Mister O\" width=\"200\" height=\"81\" \/>Alleinunterhalter &#8222;MISTER O&#8220; Karl Heinz Dannemark<br \/>\n<\/strong>Geben Sie Ihrer privaten Veranstaltung einen festlichen Rahmen mit &#8222;MISTER O&#8220;<br \/>\nBuchen k\u00f6nnen Sie Karl Heinz Dannemark unter der Mobil: +34 694 495 848.<\/td>\n<\/tr>\n<tr>\n<td><strong><img data-recalc-dims=\"1\" loading=\"lazy\" decoding=\"async\" data-attachment-id=\"6244\" data-permalink=\"http:\/\/www.deutschsprachigertisch-orihuelacosta.eu\/?attachment_id=6244\" data-orig-file=\"https:\/\/i0.wp.com\/www.deutschsprachigertisch-orihuelacosta.eu\/wp-content\/uploads\/2015\/12\/Maria-Stefano.jpg?fit=200%2C209\" data-orig-size=\"200,209\" data-comments-opened=\"0\" data-image-meta=\"{&quot;aperture&quot;:&quot;0&quot;,&quot;credit&quot;:&quot;&quot;,&quot;camera&quot;:&quot;&quot;,&quot;caption&quot;:&quot;&quot;,&quot;created_timestamp&quot;:&quot;0&quot;,&quot;copyright&quot;:&quot;&quot;,&quot;focal_length&quot;:&quot;0&quot;,&quot;iso&quot;:&quot;0&quot;,&quot;shutter_speed&quot;:&quot;0&quot;,&quot;title&quot;:&quot;&quot;,&quot;orientation&quot;:&quot;0&quot;}\" data-image-title=\"Maria &amp;#038; Stefano\" data-image-description=\"\" data-image-caption=\"\" data-large-file=\"https:\/\/i0.wp.com\/www.deutschsprachigertisch-orihuelacosta.eu\/wp-content\/uploads\/2015\/12\/Maria-Stefano.jpg?fit=200%2C209\" class=\"alignleft size-full wp-image-6244\" src=\"https:\/\/i0.wp.com\/www.deutschsprachigertisch-orihuelacosta.eu\/wp-content\/uploads\/2015\/12\/Maria-Stefano.jpg?resize=200%2C209\" alt=\"Maria &amp; Stefano\" width=\"200\" height=\"209\" \/>DUO ECLIPSE &#8211; Maria &amp; Stefano<\/strong><br \/>\nInternationale Musik quer Beet, Tanzmusik auch mit vielen deutschen Titeln.<br \/>\nBuchen k\u00f6nnen Sie Maria &amp; Stefano unter der Mobil: +34 676 193 179.<\/td>\n<\/tr>\n<tr>\n<td><img data-recalc-dims=\"1\" loading=\"lazy\" decoding=\"async\" data-attachment-id=\"6242\" data-permalink=\"http:\/\/www.deutschsprachigertisch-orihuelacosta.eu\/?attachment_id=6242\" data-orig-file=\"https:\/\/i0.wp.com\/www.deutschsprachigertisch-orihuelacosta.eu\/wp-content\/uploads\/2015\/12\/Patrick.jpg?fit=200%2C217\" data-orig-size=\"200,217\" data-comments-opened=\"0\" data-image-meta=\"{&quot;aperture&quot;:&quot;0&quot;,&quot;credit&quot;:&quot;&quot;,&quot;camera&quot;:&quot;&quot;,&quot;caption&quot;:&quot;&quot;,&quot;created_timestamp&quot;:&quot;0&quot;,&quot;copyright&quot;:&quot;&quot;,&quot;focal_length&quot;:&quot;0&quot;,&quot;iso&quot;:&quot;0&quot;,&quot;shutter_speed&quot;:&quot;0&quot;,&quot;title&quot;:&quot;&quot;,&quot;orientation&quot;:&quot;0&quot;}\" data-image-title=\"Patrick\" data-image-description=\"\" data-image-caption=\"\" data-large-file=\"https:\/\/i0.wp.com\/www.deutschsprachigertisch-orihuelacosta.eu\/wp-content\/uploads\/2015\/12\/Patrick.jpg?fit=200%2C217\" class=\"alignleft size-full wp-image-6242\" src=\"https:\/\/i0.wp.com\/www.deutschsprachigertisch-orihuelacosta.eu\/wp-content\/uploads\/2015\/12\/Patrick.jpg?resize=200%2C217\" alt=\"Patrick\" width=\"200\" height=\"217\" \/><strong>Patrick Jouretz mit Pat Ricio&#8217;s Live Show auch mit Karaoke-Show!<\/strong><br \/>\nEntertainer und Alleinunterhalter.<br \/>\nBuchen k\u00f6nnen Sie Patrick Jouretz unter Mobil: +34 644 126 600 oder per eMail: <a href=\"mailto:patrickjouretz@gmail.com\" target=\"_blank\" rel=\"noopener\">patrickjouretz@gmail.com<\/a>.<\/td>\n<\/tr>\n<tr>\n<td><strong><img data-recalc-dims=\"1\" loading=\"lazy\" decoding=\"async\" data-attachment-id=\"6221\" data-permalink=\"http:\/\/www.deutschsprachigertisch-orihuelacosta.eu\/?attachment_id=6221\" data-orig-file=\"https:\/\/i0.wp.com\/www.deutschsprachigertisch-orihuelacosta.eu\/wp-content\/uploads\/2015\/12\/Udo-Show-Entertainment.png.jpg?fit=200%2C195\" data-orig-size=\"200,195\" data-comments-opened=\"0\" data-image-meta=\"{&quot;aperture&quot;:&quot;0&quot;,&quot;credit&quot;:&quot;&quot;,&quot;camera&quot;:&quot;&quot;,&quot;caption&quot;:&quot;&quot;,&quot;created_timestamp&quot;:&quot;0&quot;,&quot;copyright&quot;:&quot;&quot;,&quot;focal_length&quot;:&quot;0&quot;,&quot;iso&quot;:&quot;0&quot;,&quot;shutter_speed&quot;:&quot;0&quot;,&quot;title&quot;:&quot;&quot;,&quot;orientation&quot;:&quot;0&quot;}\" data-image-title=\"Udo &amp;#8211; Show &amp;#038; Entertainment.png\" data-image-description=\"\" data-image-caption=\"\" data-large-file=\"https:\/\/i0.wp.com\/www.deutschsprachigertisch-orihuelacosta.eu\/wp-content\/uploads\/2015\/12\/Udo-Show-Entertainment.png.jpg?fit=200%2C195\" class=\"alignleft size-full wp-image-6221\" src=\"https:\/\/i0.wp.com\/www.deutschsprachigertisch-orihuelacosta.eu\/wp-content\/uploads\/2015\/12\/Udo-Show-Entertainment.png.jpg?resize=200%2C195\" alt=\"Udo - Show &amp; Entertainment.png\" width=\"200\" height=\"195\" \/>Udo &#8211; Show &amp; Entertainment<\/strong><br \/>\nBekannter Musiker, Entertainer und Komponist aus Torrevieja!<br \/>\nUm Udo f\u00fcr Ihre n\u00e4chste Veranstaltung zu buchen rufen Sie bitte die Mobil: +34 603 804 474 an oder schreiben Sie eine eMail an Udo: <a href=\"mailto:gabudotorre@gmail.com\" target=\"_blank\" rel=\"noopener\">gabudotorre@gmail.com<\/a>, <a href=\"http:\/\/www.udomusic.com\" target=\"_blank\" rel=\"noopener\">www.udomusic.com<\/a>.<\/td>\n<\/tr>\n<tr>\n<td><strong><img data-recalc-dims=\"1\" loading=\"lazy\" decoding=\"async\" data-attachment-id=\"12632\" data-permalink=\"http:\/\/www.deutschsprachigertisch-orihuelacosta.eu\/?attachment_id=12632\" data-orig-file=\"https:\/\/i0.wp.com\/www.deutschsprachigertisch-orihuelacosta.eu\/wp-content\/uploads\/2018\/08\/tandem_duo.jpg?fit=200%2C189\" data-orig-size=\"200,189\" data-comments-opened=\"0\" data-image-meta=\"{&quot;aperture&quot;:&quot;0&quot;,&quot;credit&quot;:&quot;&quot;,&quot;camera&quot;:&quot;&quot;,&quot;caption&quot;:&quot;&quot;,&quot;created_timestamp&quot;:&quot;0&quot;,&quot;copyright&quot;:&quot;&quot;,&quot;focal_length&quot;:&quot;0&quot;,&quot;iso&quot;:&quot;0&quot;,&quot;shutter_speed&quot;:&quot;0&quot;,&quot;title&quot;:&quot;&quot;,&quot;orientation&quot;:&quot;0&quot;}\" data-image-title=\"tandem_duo\" data-image-description=\"\" data-image-caption=\"\" data-large-file=\"https:\/\/i0.wp.com\/www.deutschsprachigertisch-orihuelacosta.eu\/wp-content\/uploads\/2018\/08\/tandem_duo.jpg?fit=200%2C189\" class=\"size-full wp-image-12632 alignleft\" src=\"https:\/\/i0.wp.com\/www.deutschsprachigertisch-orihuelacosta.eu\/wp-content\/uploads\/2018\/08\/tandem_duo.jpg?resize=200%2C189\" alt=\"\" width=\"200\" height=\"189\" \/>Tandem-Musik mit Christel &amp; Hans<\/strong><br \/>\nProfessionelles Schlagerunterhaltungs-Programm, wie in guter alter Zeit f\u00fcr Feierlichkeiten aller Art, mit den beliebten Entertainern Christel &amp; Hans.<br \/>\nBuchen k\u00f6nnen Sie das Tandem-Duo unter: Tel: +34 966 849 464 oder Mobil: +34 656 388 878 oder schicken Sie eine eMail an: <a href=\"mailto:duo-tandem@gmx.de\" target=\"_blank\" rel=\"noopener\">duo-tandem@gmx.de<\/a>.<\/td>\n<\/tr>\n<\/tbody>\n<\/table>","protected":false},"excerpt":{"rendered":"<p>Der DTOC f\u00fchrt diese Seite, damit Sie deutschsprachige Musiker an der s\u00fcdlichen Costa Blanca, f\u00fcr private und gesch\u00e4ftliche Anl\u00e4sse buchen k\u00f6nnen. Jo Swinnen S\u00e4nger, Songwriter und Frontman bei der Gruppe (&hellip;) <a href=\"http:\/\/www.deutschsprachigertisch-orihuelacosta.eu\/?page_id=6217\">Weiterlesen<\/a><\/p>\n","protected":false},"author":2,"featured_media":0,"parent":0,"menu_order":0,"comment_status":"closed","ping_status":"closed","template":"","meta":{"jetpack_post_was_ever_published":false,"footnotes":""},"class_list":["post-6217","page","type-page","status-publish","hentry"],"jetpack_sharing_enabled":true,"jetpack_shortlink":"https:\/\/wp.me\/P8bur2-1Ch","jetpack-related-posts":[],"_links":{"self":[{"href":"http:\/\/www.deutschsprachigertisch-orihuelacosta.eu\/index.php?rest_route=\/wp\/v2\/pages\/6217","targetHints":{"allow":["GET"]}}],"collection":[{"href":"http:\/\/www.deutschsprachigertisch-orihuelacosta.eu\/index.php?rest_route=\/wp\/v2\/pages"}],"about":[{"href":"http:\/\/www.deutschsprachigertisch-orihuelacosta.eu\/index.php?rest_route=\/wp\/v2\/types\/page"}],"author":[{"embeddable":true,"href":"http:\/\/www.deutschsprachigertisch-orihuelacosta.eu\/index.php?rest_route=\/wp\/v2\/users\/2"}],"replies":[{"embeddable":true,"href":"http:\/\/www.deutschsprachigertisch-orihuelacosta.eu\/index.php?rest_route=%2Fwp%2Fv2%2Fcomments&post=6217"}],"version-history":[{"count":11,"href":"http:\/\/www.deutschsprachigertisch-orihuelacosta.eu\/index.php?rest_route=\/wp\/v2\/pages\/6217\/revisions"}],"predecessor-version":[{"id":15421,"href":"http:\/\/www.deutschsprachigertisch-orihuelacosta.eu\/index.php?rest_route=\/wp\/v2\/pages\/6217\/revisions\/15421"}],"wp:attachment":[{"href":"http:\/\/www.deutschsprachigertisch-orihuelacosta.eu\/index.php?rest_route=%2Fwp%2Fv2%2Fmedia&parent=6217"}],"curies":[{"name":"wp","href":"https:\/\/api.w.org\/{rel}","templated":true}]}}