{"id":64,"date":"2010-03-29T16:12:54","date_gmt":"2010-03-29T16:12:54","guid":{"rendered":"http:\/\/www.deutschsprachigertisch-orihuelacosta.eu\/?page_id=64"},"modified":"2014-02-05T23:01:36","modified_gmt":"2014-02-05T22:01:36","slug":"dtoc-urlaub","status":"publish","type":"page","link":"http:\/\/www.deutschsprachigertisch-orihuelacosta.eu\/?page_id=64","title":{"rendered":"Urlaub"},"content":{"rendered":"<p><strong>Urlaub an der Costa Blanca \/ Urlaub in Orihuela-Costa<\/strong><\/p>\n<p style=\"text-align: justify;\">Der Deutschsprachige Tisch Orihuela-Costa informiert Sie hier \u00fcber unsere Str\u00e4nde, Sportm\u00f6glichkeiten, Fiestas etc. und vieles mehr.<\/p>\n<p style=\"text-align: justify;\">Die s\u00fcdliche Costa Blanca zwischen Alicante und Cartagena hat das dritt beste Klima der Welt und das Beste von Europa (laut WHO). Orihuela-Costa hat eine 16 km lange K\u00fcstenlinie mit kleinen niedlichen Buchten, die auch in der Hochsaison nicht zu \u00fcberlaufen sind. Kleine Strandbars, die sogenannten Chiringuitos laden Sie ein, zum Verweilen bei einem kleinen Snack, oder Erfrischungsgetr\u00e4nk. Auch an der Promenade Playa Flamenca gibt es kleine Restaurants, wo Sie draussen sitzen und auf&#8217;s Meer schauen k\u00f6nnen. Jede Bucht hat ihren speziellen Reiz und jede(r) kommt hier auf seine Kosten. Egal ob Sie nun bei angenehmen Wassertemperaturen schwimmen, oder Tauchen (Schnorcheln) gehen, oder einfach nur die Sonne am Strand geniessen. In Orihuela-Costa gibt es ausserdem einen inoffiziellen Nudistenstrand, der \u00fcber eine Felsentreppe erreichbar ist.<\/p>\n<p style=\"text-align: justify;\">Bitte beachten Sie in jedem Fall die Sicherheitsregeln an allen Str\u00e4nden von Orihuela-Costa, denn wer die Anweisungen des Roten Kreuzes (Cruz Roja), oder anderer Sicherheitsdienste missachtet, kann eventuell mit einem Bussgeld zur Kasse gebeten werden. Die Anweisungen sind berechtigt, weil zu durch hohen Wellenschlag oder gef\u00e4hrliche Unterstr\u00f6mung Gefahren ausgehen, die nicht zu untersch\u00e4tzen sind.<\/p>\n<ul>\n<li><strong><span style=\"color: #339966;\">Gr\u00fcne Flagge<\/span><\/strong> bedeutet, Badefreuden geniessen!<\/li>\n<li><strong><span style=\"color: #ffcc00;\">Gelbe Flagge<\/span><\/strong> bedeutet, nicht zu weit reingehen!<\/li>\n<li><strong><span style=\"background-color: #ffffff;\"><span style=\"color: #ff0000;\">Rote Flagge<\/span><\/span><\/strong> bedeutet, nur F\u00fcsse nass machen max. bis zum Knie nicht weiter!<\/li>\n<\/ul>\n<p style=\"text-align: justify;\">Bei roter Flagge ist schwimmen verboten!!!<\/p>\n<p style=\"text-align: justify;\">Im Ortsteil La Zenia k\u00f6nnen Sie Jetski, oder mit der grossen Banane fahren. Von der Felsk\u00fcste besteht die M\u00f6glichkeit zum Angeln und bei ruhigem Wasser k\u00f6nnen Sie beim Tauchen, wenn Sie besonderes Gl\u00fcck haben, sogar mal ein Seepferdchen entdecken. Aber auch sonst k\u00f6nnen Sie sich in Orihuela-Costa sportlich bet\u00e4tigen so z.B. im Ortsteil Campoamor kann man sich ein Pferd mieten und mal Cowboy\/girl sein. Mehrere sehr gepflegte Golfanlagen befinden sich ebenfalls in den Ortsteilen Villamart\u00edn und Campoamor. In Orihuela-Costa sich kulinarischen K\u00f6stlichkeiten hingeben und mal so richtig schlemmen kein Problem, diverse Restaurants in allen Variationen warten auf Ihren Besuch. Probieren Sie unbedingt die Spanische K\u00fcche mit ihren leckeren mediteranen Speisen, sowie die kleinen Leckereien f\u00fcr Zwischendurch, die sogenannten Tapas. Vermissen werden Sie auch nicht die Deutsche K\u00fcche, mehrere Restaurants, sowie einfache Kost an der Deutschen W\u00fcrstchenbude, oder leckere Fischgerichte an der Deutschen Fischbude warten auf Sie. Einkaufsm\u00f6glichkeiten gibt es in unz\u00e4hligen Superm\u00e4rkten, auch mit vielen deutschen Produkten. Markttage in Orihuela-Costa sind Donnerstags und Sonnabends bis 14:00 Uhr. Es lohnt sich mal in aller Ruhe \u00fcber den Markt zu schlendern, aber passen Sie auf Ihr Geld auf. Ratsam ist es, einen Brustbeutel zu benutzen. Scheckkarten sollten Sie nicht zu einem Marktbesuch mitnehmen! Markt ist Donnerstags in der Calle Fuego (gegen\u00fcber Centro de Salud) und Sonnabends in der Calle Nicolas de Bussi.<\/p>\n<p style=\"text-align: justify;\">Zwei kleine Sporth\u00e4fen befinden sich im Ortsteil Cabo Roig und Campoamor. Dort k\u00f6nnen Sie auch ein Boot chartern, vorausgesetzt Sie besitzen ein Patent! Ausk\u00fcnfte gibt es vorOrt in den H\u00e4fen!<\/p>\n<p style=\"text-align: justify;\">Sie m\u00f6chten sich in Orihuela-Costa niederlassen und sich beruflich orientieren, ein Haus\/Wohnung mieten\/kaufen? Wo befindet sich das Arbeitsamt, bekomme ich Kindergeld von meinem Heimatland? Antworten auf viele Fragen erhalten Sie beim Deutschsprachigem Tisch in Orihuela-Costa. eMail: <a href=\"mailto:info@dtoc.eu\">info@dtoc.eu<\/a>.<\/p>\n<p><span style=\"color: #0000ff;\"><strong><span style=\"text-decoration: underline;\">Musiktitel<\/span><\/strong><\/span><\/p>\n<p>Die Costa Blanca ist der sch\u00f6nste Platz der Welt, gesungen von den El Dorados,\u00a0Komponist und Texter Josef Frankster.<br \/>\n<a href=\"http:\/\/www.deutschsprachigertisch-orihuelacosta.eu\/mp3\/costa_blanca_schoenster_fleckt.mp3\" target=\"_blank\">Anh\u00f6ren<\/a>\u00a0oder <a href=\"http:\/\/www.deutschsprachigertisch-orihuelacosta.eu\/mp3\/costa_blanca_schoenster_fleckt.mp3\" target=\"_blank\">Herunterladen<\/a> <span style=\"font-size: 12px;\">(Mausklick rechts auf Herunterladen)<\/span>.<br \/>\nGenehmigung liegt dem DTOC vor!<\/p>","protected":false},"excerpt":{"rendered":"<p>Urlaub an der Costa Blanca \/ Urlaub in Orihuela-Costa Der Deutschsprachige Tisch Orihuela-Costa informiert Sie hier \u00fcber unsere Str\u00e4nde, Sportm\u00f6glichkeiten, Fiestas etc. und vieles mehr. Die s\u00fcdliche Costa Blanca zwischen (&hellip;) <a href=\"http:\/\/www.deutschsprachigertisch-orihuelacosta.eu\/?page_id=64\">Weiterlesen<\/a><\/p>\n","protected":false},"author":2,"featured_media":0,"parent":0,"menu_order":16,"comment_status":"closed","ping_status":"closed","template":"","meta":{"jetpack_post_was_ever_published":false,"footnotes":""},"class_list":["post-64","page","type-page","status-publish","hentry"],"jetpack_sharing_enabled":true,"jetpack_shortlink":"https:\/\/wp.me\/P8bur2-12","jetpack-related-posts":[],"_links":{"self":[{"href":"http:\/\/www.deutschsprachigertisch-orihuelacosta.eu\/index.php?rest_route=\/wp\/v2\/pages\/64","targetHints":{"allow":["GET"]}}],"collection":[{"href":"http:\/\/www.deutschsprachigertisch-orihuelacosta.eu\/index.php?rest_route=\/wp\/v2\/pages"}],"about":[{"href":"http:\/\/www.deutschsprachigertisch-orihuelacosta.eu\/index.php?rest_route=\/wp\/v2\/types\/page"}],"author":[{"embeddable":true,"href":"http:\/\/www.deutschsprachigertisch-orihuelacosta.eu\/index.php?rest_route=\/wp\/v2\/users\/2"}],"replies":[{"embeddable":true,"href":"http:\/\/www.deutschsprachigertisch-orihuelacosta.eu\/index.php?rest_route=%2Fwp%2Fv2%2Fcomments&post=64"}],"version-history":[{"count":0,"href":"http:\/\/www.deutschsprachigertisch-orihuelacosta.eu\/index.php?rest_route=\/wp\/v2\/pages\/64\/revisions"}],"wp:attachment":[{"href":"http:\/\/www.deutschsprachigertisch-orihuelacosta.eu\/index.php?rest_route=%2Fwp%2Fv2%2Fmedia&parent=64"}],"curies":[{"name":"wp","href":"https:\/\/api.w.org\/{rel}","templated":true}]}}