{"id":67,"date":"2010-04-02T16:32:28","date_gmt":"2010-04-02T16:32:28","guid":{"rendered":"http:\/\/www.deutschsprachigertisch-orihuelacosta.eu\/?page_id=67"},"modified":"2014-12-08T13:14:39","modified_gmt":"2014-12-08T12:14:39","slug":"links_official","status":"publish","type":"page","link":"http:\/\/www.deutschsprachigertisch-orihuelacosta.eu\/?page_id=67","title":{"rendered":"Links Official"},"content":{"rendered":"<p><strong>WEBSeiten von\u00a0\u00c4mtern und \u00f6ffentlichen Dienstleistungsstellen<\/strong><\/p>\n<p>Haftungshinweise:<\/p>\n<p>Trotz sorgf\u00e4ltiger inhaltlicher Kontrolle \u00fcbernehmen wir keine Haftung f\u00fcr die Inhalte externer Links. F\u00fcr den Inhalt der verlinkten Seiten sind ausschliesslich deren Betreiber verantwortlich.<\/p>\n<p>Bilder von Online-Plattformen unterliegen den AGB&#8217;s, den Nutzungsbedingungen und den Richtlinien des Betreibers des Fotoportals.<\/p>\n<p><a href=\"http:\/\/www.torrevieja.com\/es\/servicios\/agenda\/index.1.html\" target=\"_blank\">Torrevieja Agenda<\/a><\/p>\n<p><a href=\"http:\/\/www.nhabogados.com\" target=\"_blank\">Rechtsberatung<\/a><\/p>\n<p><a href=\"http:\/\/www.orihuela.es\" target=\"_blank\">Ayuntamiento de Orihuela<\/a><\/p>\n<p><a href=\"http:\/\/www.orihuela.es\/?page_id=18085\" target=\"_blank\">Bus-Fahrpl\u00e4ne<\/a><\/p>\n<p><a href=\"http:\/\/www.residenteseuropeos.com\/index_de.php\" target=\"_blank\">Residentes Europeos<\/a><\/p>\n<p><a href=\"http:\/\/ec.europa.eu\/europedirect\/index_de.htm\" target=\"_blank\">Europa direkt<\/a><\/p>\n<p><a href=\"http:\/\/www.torrevieja.com\/de\" target=\"_blank\">Torrevieja<\/a><\/p>\n<p><a href=\"http:\/\/www.turivega.com\" target=\"_blank\">Vega Baja<\/a><\/p>\n<p><a href=\"http:\/\/www.costablanca.org\/home.aspx\" target=\"_blank\">Costa Blanca<\/a><\/p>\n<p><a href=\"http:\/\/de.comunitatvalenciana.com\/deu\" target=\"_blank\">Valencia<\/a><\/p>\n<p><a href=\"http:\/\/www.aecu.net\" target=\"_blank\">Konsumentenschutz<\/a><\/p>\n<p><a href=\"http:\/\/www.edition-spanien.de\" target=\"_blank\">Spanische Gesetze auf Deutsch<\/a><\/p>\n<p><a href=\"http:\/\/justizspanien.com\" target=\"_blank\">Spanische Justiz<\/a><\/p>\n<p><a href=\"http:\/\/www.finanztip.de\/i\/spanien\/copp-rechtswoerterbuch.htm\" target=\"_blank\">Rechtsw\u00f6rter Deutsch &#8211; Spanisch<\/a><\/p>","protected":false},"excerpt":{"rendered":"<p>WEBSeiten von\u00a0\u00c4mtern und \u00f6ffentlichen Dienstleistungsstellen Haftungshinweise: Trotz sorgf\u00e4ltiger inhaltlicher Kontrolle \u00fcbernehmen wir keine Haftung f\u00fcr die Inhalte externer Links. F\u00fcr den Inhalt der verlinkten Seiten sind ausschliesslich deren Betreiber verantwortlich. (&hellip;) <a href=\"http:\/\/www.deutschsprachigertisch-orihuelacosta.eu\/?page_id=67\">Weiterlesen<\/a><\/p>\n","protected":false},"author":2,"featured_media":0,"parent":0,"menu_order":2,"comment_status":"closed","ping_status":"closed","template":"","meta":{"jetpack_post_was_ever_published":false,"footnotes":""},"class_list":["post-67","page","type-page","status-publish","hentry"],"jetpack_sharing_enabled":true,"jetpack_shortlink":"https:\/\/wp.me\/P8bur2-15","jetpack-related-posts":[],"_links":{"self":[{"href":"http:\/\/www.deutschsprachigertisch-orihuelacosta.eu\/index.php?rest_route=\/wp\/v2\/pages\/67","targetHints":{"allow":["GET"]}}],"collection":[{"href":"http:\/\/www.deutschsprachigertisch-orihuelacosta.eu\/index.php?rest_route=\/wp\/v2\/pages"}],"about":[{"href":"http:\/\/www.deutschsprachigertisch-orihuelacosta.eu\/index.php?rest_route=\/wp\/v2\/types\/page"}],"author":[{"embeddable":true,"href":"http:\/\/www.deutschsprachigertisch-orihuelacosta.eu\/index.php?rest_route=\/wp\/v2\/users\/2"}],"replies":[{"embeddable":true,"href":"http:\/\/www.deutschsprachigertisch-orihuelacosta.eu\/index.php?rest_route=%2Fwp%2Fv2%2Fcomments&post=67"}],"version-history":[{"count":0,"href":"http:\/\/www.deutschsprachigertisch-orihuelacosta.eu\/index.php?rest_route=\/wp\/v2\/pages\/67\/revisions"}],"wp:attachment":[{"href":"http:\/\/www.deutschsprachigertisch-orihuelacosta.eu\/index.php?rest_route=%2Fwp%2Fv2%2Fmedia&parent=67"}],"curies":[{"name":"wp","href":"https:\/\/api.w.org\/{rel}","templated":true}]}}