{"id":69,"date":"2010-04-02T16:32:28","date_gmt":"2010-04-02T16:32:28","guid":{"rendered":"http:\/\/www.deutschsprachigertisch-orihuelacosta.eu\/?page_id=69"},"modified":"2017-07-25T22:45:31","modified_gmt":"2017-07-25T21:45:31","slug":"links_private","status":"publish","type":"page","link":"http:\/\/www.deutschsprachigertisch-orihuelacosta.eu\/?page_id=69","title":{"rendered":"Links Private"},"content":{"rendered":"<p><strong>WEBSeiten von privaten Verbindungen<\/strong><\/p>\n<p>Haftungshinweise:<\/p>\n<p>Trotz sorgf\u00e4ltiger inhaltlicher Kontrolle \u00fcbernehmen wir keine Haftung f\u00fcr die Inhalte externer Links. F\u00fcr den Inhalt der verlinkten Seiten sind ausschliesslich deren Betreiber verantwortlich.<\/p>\n<p>Bilder von Online-Plattformen unterliegen den AGB&#8217;s, den Nutzungsbedingungen und den Richtlinien des Betreibers des Fotoportals.<\/p>\n<p><a href=\"http:\/\/www.auswandern.com\/\" target=\"_blank\" rel=\"noopener\">Auswandern<\/a><\/p>\n<p><a href=\"http:\/\/velo.liwa.ch\/index.php\/de\/\" target=\"_blank\" rel=\"noopener\">Fahrradgruppe La Zenia<\/a><\/p>\n<p><a href=\"http:\/\/www.zeitunterschied.com\/\" target=\"_blank\" rel=\"noopener\">Zeitunterschied<\/a><\/p>\n<p><a href=\"http:\/\/www.elrefugiocostablanca.com\/\" target=\"_blank\" rel=\"noopener\">El Refugio &#8211; Reiten an den Lagunen<\/a><\/p>\n<p><a href=\"http:\/\/www.outdoor-costa-blanca.info\/\" target=\"_blank\" rel=\"noopener\">Outdoor Costa Blanca<\/a><\/p>\n<p><a href=\"http:\/\/www.campinglomonte-alicante.es\" target=\"_blank\" rel=\"noopener\">Camping Lo Monte<\/a><\/p>\n<p><a href=\"http:\/\/de.ibercultura.com\" target=\"_blank\" rel=\"noopener\">Ibercultura<\/a><\/p>\n<p><a href=\"http:\/\/www.spanien-bilder.com\" target=\"_blank\" rel=\"noopener\">Spanien Bilder und News<\/a><\/p>\n<p><a href=\"http:\/\/go-flying.org\/de\/index.php\" target=\"_blank\" rel=\"noopener\">Flugausbildung<\/a><\/p>\n<p><a href=\"http:\/\/www.orihuela-costa.eu\/\" target=\"_blank\" rel=\"noopener\">Das Tor zur Orihuela-Costa<\/a><\/p>\n<p><a href=\"http:\/\/www.wandern-spanien.eu\" target=\"_blank\" rel=\"noopener\">Wandern<\/a><\/p>\n<p><a href=\"http:\/\/www.pflanzen-samen.eu\/baeume-palmen-spanien.htm\" target=\"_blank\" rel=\"noopener\">B\u00e4ume in Spanien<\/a><\/p>\n<p><a href=\"http:\/\/www.pflanzen-samen.eu\" target=\"_blank\" rel=\"noopener\">Pflanzen &#8211; Samen<\/a><\/p>\n<p><a href=\"http:\/\/www.genuss-aus-spanien.info\" target=\"_blank\" rel=\"noopener\">Genuss aus Spanien<\/a><\/p>\n<p><a href=\"http:\/\/klein-schreuder.com\" target=\"_blank\" rel=\"noopener\">Skulpturenpark Alfaz de Pi<\/a><\/p>\n<p><a href=\"http:\/\/alicante-spanien.info\/top-10-der-sehenswurdigkeiten-in-alicante\/\" target=\"_blank\" rel=\"noopener\">Santa Barbara Alicante<\/a><\/p>\n<p><a href=\"http:\/\/www.nethatcher.de\" target=\"_blank\" rel=\"noopener\">Nethatcher Workshop<\/a><\/p>\n<p><a href=\"http:\/\/www.laconcertband.com\" target=\"_blank\" rel=\"noopener\">La Concert Band<\/a><\/p>\n<p><a href=\"http:\/\/www.lorufete.com\" target=\"_blank\" rel=\"noopener\">Lo Rufete Abenteuer<\/a><\/p>\n<p><a href=\"http:\/\/www.costa-blanca-forum.de\" target=\"_blank\" rel=\"noopener\">Costa-Blanca-Forum<\/a><\/p>\n<p><a href=\"http:\/\/de.wikipedia.org\/wiki\/Spanische_K%C3%BCche\" target=\"_blank\" rel=\"noopener\">Spanische K\u00fcche<\/a><\/p>\n<p><a href=\"http:\/\/www.kalender-365.eu\" target=\"_blank\" rel=\"noopener\">Kalender mit Feiertagen, Mondphase uvm.<\/a><\/p>\n<p><a href=\"http:\/\/www.feiertagskalender.ch\/index.php?geo=3493&amp;jahr=2014&amp;klasse=3\" target=\"_blank\" rel=\"noopener\">Feiertagskalender Valencia<\/a><\/p>\n<p><a href=\"http:\/\/www.glovico.org\" target=\"_blank\" rel=\"noopener\">Spanisch Konversation<\/a><\/p>\n<p><a href=\"http:\/\/dict.leo.org\/esde?lang=de&amp;lp=esde&amp;search=\" target=\"_blank\" rel=\"noopener\">Spanisch W\u00f6rterbuch<\/a><\/p>\n<p><a href=\"http:\/\/translate.google.de\/#de|es|\" target=\"_blank\" rel=\"noopener\">\u00dcbersetzer DE &#8211; ES<\/a><\/p>\n<p><a href=\"http:\/\/translate.google.de\/#de|en|\" target=\"_blank\" rel=\"noopener\">\u00dcbersetzer DE &#8211; GB<\/a><\/p>\n<p><a href=\"http:\/\/de.wikipedia.org\/wiki\/Liste_spanischer_Sprichw%C3%B6rter\" target=\"_blank\" rel=\"noopener\">Spanische Sprichw\u00f6rter<\/a><\/p>\n<p><a href=\"http:\/\/www.lernsysteme.de\/dis2\" target=\"_blank\" rel=\"noopener\">Deutsche in Spanien<\/a><\/p>\n<p><a href=\"http:\/\/suizosdeespana.wordpress.com\" target=\"_blank\" rel=\"noopener\">Schweizer in Spanien<\/a><\/p>\n<p><a href=\"http:\/\/revue.ch\" target=\"_blank\" rel=\"noopener\">Schweizer Revue<\/a><\/p>\n<p><a href=\"http:\/\/www.auswandern-weltweit.info\/\" target=\"_blank\" rel=\"noopener\">Auswandern Weltweit<\/a><\/p>","protected":false},"excerpt":{"rendered":"<p>WEBSeiten von privaten Verbindungen Haftungshinweise: Trotz sorgf\u00e4ltiger inhaltlicher Kontrolle \u00fcbernehmen wir keine Haftung f\u00fcr die Inhalte externer Links. F\u00fcr den Inhalt der verlinkten Seiten sind ausschliesslich deren Betreiber verantwortlich. Bilder (&hellip;) <a href=\"http:\/\/www.deutschsprachigertisch-orihuelacosta.eu\/?page_id=69\">Weiterlesen<\/a><\/p>\n","protected":false},"author":2,"featured_media":0,"parent":0,"menu_order":4,"comment_status":"closed","ping_status":"closed","template":"","meta":{"jetpack_post_was_ever_published":false,"footnotes":""},"class_list":["post-69","page","type-page","status-publish","hentry"],"jetpack_sharing_enabled":true,"jetpack_shortlink":"https:\/\/wp.me\/P8bur2-17","jetpack-related-posts":[],"_links":{"self":[{"href":"http:\/\/www.deutschsprachigertisch-orihuelacosta.eu\/index.php?rest_route=\/wp\/v2\/pages\/69","targetHints":{"allow":["GET"]}}],"collection":[{"href":"http:\/\/www.deutschsprachigertisch-orihuelacosta.eu\/index.php?rest_route=\/wp\/v2\/pages"}],"about":[{"href":"http:\/\/www.deutschsprachigertisch-orihuelacosta.eu\/index.php?rest_route=\/wp\/v2\/types\/page"}],"author":[{"embeddable":true,"href":"http:\/\/www.deutschsprachigertisch-orihuelacosta.eu\/index.php?rest_route=\/wp\/v2\/users\/2"}],"replies":[{"embeddable":true,"href":"http:\/\/www.deutschsprachigertisch-orihuelacosta.eu\/index.php?rest_route=%2Fwp%2Fv2%2Fcomments&post=69"}],"version-history":[{"count":3,"href":"http:\/\/www.deutschsprachigertisch-orihuelacosta.eu\/index.php?rest_route=\/wp\/v2\/pages\/69\/revisions"}],"predecessor-version":[{"id":10886,"href":"http:\/\/www.deutschsprachigertisch-orihuelacosta.eu\/index.php?rest_route=\/wp\/v2\/pages\/69\/revisions\/10886"}],"wp:attachment":[{"href":"http:\/\/www.deutschsprachigertisch-orihuelacosta.eu\/index.php?rest_route=%2Fwp%2Fv2%2Fmedia&parent=69"}],"curies":[{"name":"wp","href":"https:\/\/api.w.org\/{rel}","templated":true}]}}