{"id":84,"date":"2010-09-20T07:02:23","date_gmt":"2010-09-20T07:02:23","guid":{"rendered":"http:\/\/www.deutschsprachigertisch-orihuelacosta.eu\/?page_id=84"},"modified":"2018-01-28T02:33:58","modified_gmt":"2018-01-28T01:33:58","slug":"dtoc-nie","status":"publish","type":"page","link":"http:\/\/www.deutschsprachigertisch-orihuelacosta.eu\/?page_id=84","title":{"rendered":"N.I.E. Nummer"},"content":{"rendered":"<p><strong><span style=\"color: #ff0000;\">N.I.E.<\/span> &#8211; <span style=\"color: #ff0000;\">N<\/span>\u00famero de <span style=\"color: #ff0000;\">I<\/span>dentidad de <span style=\"color: #ff0000;\">E<\/span>xtranjeros (Ausl\u00e4nderidentifaktionsnummer)<\/strong><\/p>\n<p>Man will als Ausl\u00e4nder in Spanien dauerhaft leben, arbeiten, ein Auto zulassen, eine Immobilie kaufen oder ein Gesch\u00e4ft er\u00f6ffnen. Egal wof\u00fcr man sich entscheidet, um rechtlich in Spanien t\u00e4tig werden zu k\u00f6nnen, ben\u00f6tigt man die N.I.E. (N\u00famero de Identidad de Extranjeros = Ausl\u00e4nderidentifaktionsnummer). Auf vielen Formularen findet man die Abk\u00fcrzung N.I.F. (N\u00famero Identificaci\u00f3n Fiscal = Steueridentifaktionsnummer), welche die Spanier haben. Man hat also mit der N.I.E. das Pendant f\u00fcr Ausl\u00e4nder hierzu geschaffen.<\/p>\n<p>Die N.I.E. ist eine Identifikationsnummer. Sie wird einer Person ein Leben lang zugeteilt.<\/p>\n<p>Die N.I.E. sollte unbedingt\u00a0beantragt werden. Schiebt man es auf die lange Bank, ger\u00e4t man am Ende in unn\u00f6tigen Zeitdruck.<br \/>\n<span style=\"font-size: 8pt;\">(Text Ecolex &#8211; Kerstin Bumiller)<\/span><\/p>","protected":false},"excerpt":{"rendered":"<p>N.I.E. &#8211; N\u00famero de Identidad de Extranjeros (Ausl\u00e4nderidentifaktionsnummer) Man will als Ausl\u00e4nder in Spanien dauerhaft leben, arbeiten, ein Auto zulassen, eine Immobilie kaufen oder ein Gesch\u00e4ft er\u00f6ffnen. Egal wof\u00fcr man (&hellip;) <a href=\"http:\/\/www.deutschsprachigertisch-orihuelacosta.eu\/?page_id=84\">Weiterlesen<\/a><\/p>\n","protected":false},"author":2,"featured_media":0,"parent":0,"menu_order":9,"comment_status":"closed","ping_status":"closed","template":"","meta":{"jetpack_post_was_ever_published":false,"footnotes":""},"class_list":["post-84","page","type-page","status-publish","hentry"],"jetpack_sharing_enabled":true,"jetpack_shortlink":"https:\/\/wp.me\/P8bur2-1m","jetpack-related-posts":[],"_links":{"self":[{"href":"http:\/\/www.deutschsprachigertisch-orihuelacosta.eu\/index.php?rest_route=\/wp\/v2\/pages\/84","targetHints":{"allow":["GET"]}}],"collection":[{"href":"http:\/\/www.deutschsprachigertisch-orihuelacosta.eu\/index.php?rest_route=\/wp\/v2\/pages"}],"about":[{"href":"http:\/\/www.deutschsprachigertisch-orihuelacosta.eu\/index.php?rest_route=\/wp\/v2\/types\/page"}],"author":[{"embeddable":true,"href":"http:\/\/www.deutschsprachigertisch-orihuelacosta.eu\/index.php?rest_route=\/wp\/v2\/users\/2"}],"replies":[{"embeddable":true,"href":"http:\/\/www.deutschsprachigertisch-orihuelacosta.eu\/index.php?rest_route=%2Fwp%2Fv2%2Fcomments&post=84"}],"version-history":[{"count":1,"href":"http:\/\/www.deutschsprachigertisch-orihuelacosta.eu\/index.php?rest_route=\/wp\/v2\/pages\/84\/revisions"}],"predecessor-version":[{"id":11797,"href":"http:\/\/www.deutschsprachigertisch-orihuelacosta.eu\/index.php?rest_route=\/wp\/v2\/pages\/84\/revisions\/11797"}],"wp:attachment":[{"href":"http:\/\/www.deutschsprachigertisch-orihuelacosta.eu\/index.php?rest_route=%2Fwp%2Fv2%2Fmedia&parent=84"}],"curies":[{"name":"wp","href":"https:\/\/api.w.org\/{rel}","templated":true}]}}