{"id":85,"date":"2010-10-14T10:08:38","date_gmt":"2010-10-14T10:08:38","guid":{"rendered":"http:\/\/www.deutschsprachigertisch-orihuelacosta.eu\/?page_id=85"},"modified":"2020-08-29T12:57:12","modified_gmt":"2020-08-29T11:57:12","slug":"dtoc-kreative-menschen","status":"publish","type":"page","link":"http:\/\/www.deutschsprachigertisch-orihuelacosta.eu\/?page_id=85","title":{"rendered":"Kreative Menschen an der Costa Blanca"},"content":{"rendered":"<p>Der Deutschsprachige Tisch Orihuela-Costa gibt auf dieser Seite K\u00fcnstlern aller couleur die M\u00f6glichkeit sich und ihre Kunst vorzustellen, sodass Interessenten mit den K\u00fcnstlern direkt oder \u00fcber den Deutschsprachigen Tisch in Kontakt treten k\u00f6nnen.<br \/>\nK\u00fcnstler k\u00f6nnen diese Seite, gegen eine Spende von EUR 20.- pro Jahr, nutzen.<br \/>\nSchicken Sie uns eine eMail, stellen Sie sich kurz vor, mit Ihrer Anschrift oder nur Telefon resp. eMail-Adresse. Sie k\u00f6nnen auch ein Pseudonym verwenden oder nur Ihren K\u00fcnstlernahmen ver\u00f6ffentlichen, wie Sie es wollen.<br \/>\nInteressenten werden durch uns an Sie weitergeleitet.<br \/>\nSchicken Sie uns Bilder Ihrer Kunstwerke , Texte usw. an <a href=\"mailto:info@dtoc.eu\" target=\"_blank\" rel=\"noopener noreferrer\">info@dtoc.eu<\/a>.<br \/>\nWir garantieren Ihnen, nur das zu ver\u00f6ffentlichen was Sie m\u00f6chten.<\/p>\n<p><a href=\"http:\/\/www.deutschsprachigertisch-orihuelacosta.eu\/barbara-perry\/\">Barbara Perry<\/a><\/p>\n<p><a href=\"http:\/\/www.deutschsprachigertisch-orihuelacosta.eu\/rita-scherrer\/\">Rita Scherrer<\/a><\/p>\n<p><a href=\"http:\/\/www.deutschsprachigertisch-orihuelacosta.eu\/natali-ferkatsch\/\">Natali Ferkatsch<\/a><\/p>\n<p><a href=\"http:\/\/www.deutschsprachigertisch-orihuelacosta.eu\/eugen-daub\/\">Eugen Daub<\/a><\/p>\n<p><a href=\"http:\/\/www.deutschsprachigertisch-orihuelacosta.eu\/christ-silvia\/\">Silvia Christ<\/a><\/p>\n<p><a href=\"http:\/\/www.deutschsprachigertisch-orihuelacosta.eu\/kohlstedt-rico\/\">Rico Kohlstedt<\/a><\/p>\n<p><iframe loading=\"lazy\" style=\"border: none; overflow: hidden;\" src=\"https:\/\/www.facebook.com\/plugins\/post.php?href=https%3A%2F%2Fwww.facebook.com%2FCostaBlancaLEBEN%2Fposts%2F785677648593035&amp;width=500\" width=\"500\" height=\"868\" frameborder=\"0\" scrolling=\"no\"><\/iframe><\/p>\n<p><a title=\"Peters Claus\" href=\"http:\/\/www.deutschsprachigertisch-orihuelacosta.eu\/peters-claus\/\">Claus Peters<\/a><\/p>\n<p><a href=\"http:\/\/www.deutschsprachigertisch-orihuelacosta.eu\/taticek-rita\/\">Rita Taticek<\/a><\/p>\n<p><a title=\"Thiel Waltraut\" href=\"http:\/\/www.deutschsprachigertisch-orihuelacosta.eu\/dtoc-thiel-waltraut\/\">Waltraut Thiel<\/a><\/p>","protected":false},"excerpt":{"rendered":"<p>Der Deutschsprachige Tisch Orihuela-Costa gibt auf dieser Seite K\u00fcnstlern aller couleur die M\u00f6glichkeit sich und ihre Kunst vorzustellen, sodass Interessenten mit den K\u00fcnstlern direkt oder \u00fcber den Deutschsprachigen Tisch in (&hellip;) <a href=\"http:\/\/www.deutschsprachigertisch-orihuelacosta.eu\/?page_id=85\">Weiterlesen<\/a><\/p>\n","protected":false},"author":2,"featured_media":0,"parent":0,"menu_order":7,"comment_status":"closed","ping_status":"closed","template":"","meta":{"jetpack_post_was_ever_published":false,"footnotes":""},"class_list":["post-85","page","type-page","status-publish","hentry"],"jetpack_sharing_enabled":true,"jetpack_shortlink":"https:\/\/wp.me\/P8bur2-1n","jetpack-related-posts":[],"_links":{"self":[{"href":"http:\/\/www.deutschsprachigertisch-orihuelacosta.eu\/index.php?rest_route=\/wp\/v2\/pages\/85","targetHints":{"allow":["GET"]}}],"collection":[{"href":"http:\/\/www.deutschsprachigertisch-orihuelacosta.eu\/index.php?rest_route=\/wp\/v2\/pages"}],"about":[{"href":"http:\/\/www.deutschsprachigertisch-orihuelacosta.eu\/index.php?rest_route=\/wp\/v2\/types\/page"}],"author":[{"embeddable":true,"href":"http:\/\/www.deutschsprachigertisch-orihuelacosta.eu\/index.php?rest_route=\/wp\/v2\/users\/2"}],"replies":[{"embeddable":true,"href":"http:\/\/www.deutschsprachigertisch-orihuelacosta.eu\/index.php?rest_route=%2Fwp%2Fv2%2Fcomments&post=85"}],"version-history":[{"count":13,"href":"http:\/\/www.deutschsprachigertisch-orihuelacosta.eu\/index.php?rest_route=\/wp\/v2\/pages\/85\/revisions"}],"predecessor-version":[{"id":15163,"href":"http:\/\/www.deutschsprachigertisch-orihuelacosta.eu\/index.php?rest_route=\/wp\/v2\/pages\/85\/revisions\/15163"}],"wp:attachment":[{"href":"http:\/\/www.deutschsprachigertisch-orihuelacosta.eu\/index.php?rest_route=%2Fwp%2Fv2%2Fmedia&parent=85"}],"curies":[{"name":"wp","href":"https:\/\/api.w.org\/{rel}","templated":true}]}}