{"id":91,"date":"2011-03-25T06:59:20","date_gmt":"2011-03-25T06:59:20","guid":{"rendered":"http:\/\/www.deutschsprachigertisch-orihuelacosta.eu\/?page_id=91"},"modified":"2025-06-03T21:27:00","modified_gmt":"2025-06-03T20:27:00","slug":"tierfreunde-costa-blanca","status":"publish","type":"page","link":"http:\/\/www.deutschsprachigertisch-orihuelacosta.eu\/?page_id=91","title":{"rendered":"Tierfreunde Costa Blanca"},"content":{"rendered":"<p>Diese Seite vom Deutschsprachigen Tisch Orihuela-Costa soll allen Tierfreunden an der Costa Blanca die M\u00f6glichkeit geben, Tieren in Not zu helfen, Tiere vor der T\u00f6tung zu bewahren und Tiere an liebe Menschen weiter zu vermitteln. Schicken Sie uns eine eMail an Kontakt, wenn m\u00f6glich auch mit Bild des Tieres, sowie einen kurzen Text zu dem Tier und was bei einer Vermittlung beachtet werden muss.<\/p>\n<p><img data-recalc-dims=\"1\" loading=\"lazy\" decoding=\"async\" data-attachment-id=\"9347\" data-permalink=\"http:\/\/www.deutschsprachigertisch-orihuelacosta.eu\/?attachment_id=9347\" data-orig-file=\"https:\/\/i0.wp.com\/www.deutschsprachigertisch-orihuelacosta.eu\/wp-content\/uploads\/2011\/03\/Tierarzte.jpg?fit=200%2C300\" data-orig-size=\"200,300\" data-comments-opened=\"0\" data-image-meta=\"{&quot;aperture&quot;:&quot;0&quot;,&quot;credit&quot;:&quot;&quot;,&quot;camera&quot;:&quot;&quot;,&quot;caption&quot;:&quot;&quot;,&quot;created_timestamp&quot;:&quot;0&quot;,&quot;copyright&quot;:&quot;&quot;,&quot;focal_length&quot;:&quot;0&quot;,&quot;iso&quot;:&quot;0&quot;,&quot;shutter_speed&quot;:&quot;0&quot;,&quot;title&quot;:&quot;&quot;,&quot;orientation&quot;:&quot;0&quot;}\" data-image-title=\"Tierarzte\" data-image-description=\"\" data-image-caption=\"\" data-large-file=\"https:\/\/i0.wp.com\/www.deutschsprachigertisch-orihuelacosta.eu\/wp-content\/uploads\/2011\/03\/Tierarzte.jpg?fit=200%2C300\" class=\"size-medium wp-image-9347 alignleft\" src=\"https:\/\/i0.wp.com\/www.deutschsprachigertisch-orihuelacosta.eu\/wp-content\/uploads\/2011\/03\/Tierarzte.jpg?resize=200%2C300\" alt=\"\" width=\"200\" height=\"300\" \/><\/p>\n<p><span style=\"color: #ff0000;\"><strong>Liste von Tier\u00e4rzten<\/strong><\/span><\/p>\n<p>Wir haben Euch hier eine Liste von Tier\u00e4rzten als Download zur Verf\u00fcgung gestellt.<\/p>\n<p>download &gt;&gt;&gt; <a href=\"http:\/\/www.deutschsprachigertisch-orihuelacosta.eu\/pdf\/Tierarzte.pdf\" target=\"_blank\" rel=\"noopener\"><span style=\"text-decoration: underline;\"><strong>Tier\u00e4rzte<\/strong><\/span><\/a>\u00a0&lt;&lt;&lt; herunterladen<\/p>\n<table style=\"border-collapse: collapse; width: 100%;\">\n<tbody>\n<tr>\n<td style=\"width: 100%;\"><span style=\"color: #ff0000;\"><strong><a href=\"https:\/\/i0.wp.com\/www.deutschsprachigertisch-orihuelacosta.eu\/wp-content\/uploads\/2011\/03\/Teresa-de-Cofrentes.jpg\"><img data-recalc-dims=\"1\" loading=\"lazy\" decoding=\"async\" data-attachment-id=\"4202\" data-permalink=\"http:\/\/www.deutschsprachigertisch-orihuelacosta.eu\/?attachment_id=4202\" data-orig-file=\"https:\/\/i0.wp.com\/www.deutschsprachigertisch-orihuelacosta.eu\/wp-content\/uploads\/2011\/03\/Teresa-de-Cofrentes.jpg?fit=200%2C98\" data-orig-size=\"200,98\" data-comments-opened=\"0\" data-image-meta=\"{&quot;aperture&quot;:&quot;0&quot;,&quot;credit&quot;:&quot;&quot;,&quot;camera&quot;:&quot;&quot;,&quot;caption&quot;:&quot;&quot;,&quot;created_timestamp&quot;:&quot;0&quot;,&quot;copyright&quot;:&quot;&quot;,&quot;focal_length&quot;:&quot;0&quot;,&quot;iso&quot;:&quot;0&quot;,&quot;shutter_speed&quot;:&quot;0&quot;,&quot;title&quot;:&quot;&quot;,&quot;orientation&quot;:&quot;0&quot;}\" data-image-title=\"Teresa de Cofrentes\" data-image-description=\"\" data-image-caption=\"\" data-large-file=\"https:\/\/i0.wp.com\/www.deutschsprachigertisch-orihuelacosta.eu\/wp-content\/uploads\/2011\/03\/Teresa-de-Cofrentes.jpg?fit=200%2C98\" class=\"alignleft size-full wp-image-4202\" src=\"https:\/\/i0.wp.com\/www.deutschsprachigertisch-orihuelacosta.eu\/wp-content\/uploads\/2011\/03\/Teresa-de-Cofrentes.jpg?resize=200%2C98\" alt=\"Teresa de Cofrentes\" width=\"200\" height=\"98\" \/><\/a>Teresa de Cofrentes Gnadenhof mit Herz<\/strong><\/span><br \/>\nManfred und Monika K\u00fchne<br \/>\nApartado de Correos 45<br \/>\n46620 Ayora (Valencia)<br \/>\n<a href=\"http:\/\/www.teresadecofrentes.de\" target=\"_blank\" rel=\"noopener\">www.teresadecofrentes.de<\/a><\/td>\n<\/tr>\n<\/tbody>\n<\/table>\n<p><a href=\"https:\/\/i0.wp.com\/www.deutschsprachigertisch-orihuelacosta.eu\/wp-content\/uploads\/2014\/09\/finca-san-miguel-de-salinas.jpg\"><img data-recalc-dims=\"1\" loading=\"lazy\" decoding=\"async\" data-attachment-id=\"3296\" data-permalink=\"http:\/\/www.deutschsprachigertisch-orihuelacosta.eu\/?attachment_id=3296\" data-orig-file=\"https:\/\/i0.wp.com\/www.deutschsprachigertisch-orihuelacosta.eu\/wp-content\/uploads\/2014\/09\/finca-san-miguel-de-salinas.jpg?fit=250%2C188\" data-orig-size=\"250,188\" data-comments-opened=\"0\" data-image-meta=\"{&quot;aperture&quot;:&quot;0&quot;,&quot;credit&quot;:&quot;&quot;,&quot;camera&quot;:&quot;&quot;,&quot;caption&quot;:&quot;&quot;,&quot;created_timestamp&quot;:&quot;0&quot;,&quot;copyright&quot;:&quot;&quot;,&quot;focal_length&quot;:&quot;0&quot;,&quot;iso&quot;:&quot;0&quot;,&quot;shutter_speed&quot;:&quot;0&quot;,&quot;title&quot;:&quot;&quot;,&quot;orientation&quot;:&quot;0&quot;}\" data-image-title=\"finca san miguel de salinas\" data-image-description=\"\" data-image-caption=\"\" data-large-file=\"https:\/\/i0.wp.com\/www.deutschsprachigertisch-orihuelacosta.eu\/wp-content\/uploads\/2014\/09\/finca-san-miguel-de-salinas.jpg?fit=250%2C188\" class=\"alignleft size-thumbnail wp-image-3296\" src=\"https:\/\/i0.wp.com\/www.deutschsprachigertisch-orihuelacosta.eu\/wp-content\/uploads\/2014\/09\/finca-san-miguel-de-salinas.jpg?resize=150%2C150\" alt=\"finca san miguel de salinas\" width=\"150\" height=\"150\" \/><\/a>Eingetragener Verein &#8222;<span style=\"background-color: #ffffff; color: #ff0000;\"><strong>Happy Animales Spanien<\/strong><\/span>&#8220; CIF: G54781174<\/p>\n<p>VORSTELLUNG; SOWIE SINN UND ZWECK UNSERER INSTUTION<\/p>\n<p>Nur gemeinsam k\u00f6nnen wir Berge versetzen!<br \/>\nLasst Euer Herz sprechen.<\/p>\n<p>&#8222;Happy Animales Spanien&#8220; ist ein eingetragener wohlt\u00e4tiger Verein. Reg.-Nr. in Spanien G54781174 und setzt sich f\u00fcr das Wohl von verarmten und verlassenen Tieren auf der Finca San Miguel de Salinas in Spanien ein, deren Leidensweg fr\u00fcher und auch heute noch, ohne ihre finanzielle Unterst\u00fctzung, zum abmagern der Tiere, durch hungern oder fehlende medizinische Versorgung f\u00fchren k\u00f6nnte. Schlimmstenfalls auch zu etwas dramatischeren. &gt;&gt;&gt; <span style=\"color: #ff0000; background-color: #ffff00;\"><a style=\"color: #ff0000; background-color: #ffff00;\" title=\"Happy Animales Spanien\" href=\"http:\/\/www.deutschsprachigertisch-orihuelacosta.eu\/happy-animales-spanien\/\"><em><strong>weiterlesen<\/strong><\/em><\/a><\/span><\/p>\n<p><a href=\"https:\/\/i0.wp.com\/www.deutschsprachigertisch-orihuelacosta.eu\/wp-content\/uploads\/2011\/03\/refugio_esperanza.jpg\"><img data-recalc-dims=\"1\" loading=\"lazy\" decoding=\"async\" data-attachment-id=\"2394\" data-permalink=\"http:\/\/www.deutschsprachigertisch-orihuelacosta.eu\/?attachment_id=2394\" data-orig-file=\"https:\/\/i0.wp.com\/www.deutschsprachigertisch-orihuelacosta.eu\/wp-content\/uploads\/2011\/03\/refugio_esperanza.jpg?fit=250%2C63\" data-orig-size=\"250,63\" data-comments-opened=\"0\" data-image-meta=\"{&quot;aperture&quot;:&quot;0&quot;,&quot;credit&quot;:&quot;&quot;,&quot;camera&quot;:&quot;&quot;,&quot;caption&quot;:&quot;&quot;,&quot;created_timestamp&quot;:&quot;0&quot;,&quot;copyright&quot;:&quot;&quot;,&quot;focal_length&quot;:&quot;0&quot;,&quot;iso&quot;:&quot;0&quot;,&quot;shutter_speed&quot;:&quot;0&quot;,&quot;title&quot;:&quot;&quot;}\" data-image-title=\"refugio_esperanza\" data-image-description=\"\" data-image-caption=\"\" data-large-file=\"https:\/\/i0.wp.com\/www.deutschsprachigertisch-orihuelacosta.eu\/wp-content\/uploads\/2011\/03\/refugio_esperanza.jpg?fit=250%2C63\" class=\"alignleft size-full wp-image-2394\" src=\"https:\/\/i0.wp.com\/www.deutschsprachigertisch-orihuelacosta.eu\/wp-content\/uploads\/2011\/03\/refugio_esperanza.jpg?resize=250%2C63\" alt=\"refugio_esperanza\" width=\"250\" height=\"63\" \/><\/a>Auffangstation &#8222;<span style=\"color: #ff0000;\"><strong>Refugio Esperanza<\/strong><\/span>&#8220; Crevillente.<br \/>\nZuflucht f\u00fcr verlassene, misshandelte und ungewollte Hunde.<br \/>\nMartina Hagen, Tierarzthelferin, <a href=\"http:\/\/www.refugio-esperanza.com\" target=\"_blank\" rel=\"noopener\">www.refugio-esperanza.com<\/a>.<\/p>\n<p><a href=\"https:\/\/i0.wp.com\/www.deutschsprachigertisch-orihuelacosta.eu\/wp-content\/uploads\/2014\/01\/eselgestuet.jpg\"><img data-recalc-dims=\"1\" loading=\"lazy\" decoding=\"async\" data-attachment-id=\"2138\" data-permalink=\"http:\/\/www.deutschsprachigertisch-orihuelacosta.eu\/?attachment_id=2138\" data-orig-file=\"https:\/\/i0.wp.com\/www.deutschsprachigertisch-orihuelacosta.eu\/wp-content\/uploads\/2014\/01\/eselgestuet.jpg?fit=100%2C95\" data-orig-size=\"100,95\" data-comments-opened=\"0\" data-image-meta=\"{&quot;aperture&quot;:&quot;0&quot;,&quot;credit&quot;:&quot;&quot;,&quot;camera&quot;:&quot;&quot;,&quot;caption&quot;:&quot;&quot;,&quot;created_timestamp&quot;:&quot;0&quot;,&quot;copyright&quot;:&quot;&quot;,&quot;focal_length&quot;:&quot;0&quot;,&quot;iso&quot;:&quot;0&quot;,&quot;shutter_speed&quot;:&quot;0&quot;,&quot;title&quot;:&quot;&quot;}\" data-image-title=\"eselgestuet\" data-image-description=\"\" data-image-caption=\"\" data-large-file=\"https:\/\/i0.wp.com\/www.deutschsprachigertisch-orihuelacosta.eu\/wp-content\/uploads\/2014\/01\/eselgestuet.jpg?fit=100%2C95\" class=\"alignleft size-full wp-image-2138\" src=\"https:\/\/i0.wp.com\/www.deutschsprachigertisch-orihuelacosta.eu\/wp-content\/uploads\/2014\/01\/eselgestuet.jpg?resize=100%2C95\" alt=\"eselgestuet\" width=\"100\" height=\"95\" \/><\/a><span style=\"color: #ff0000;\"><strong>Eselgest\u00fct &#8222;Les Murtes&#8220;<\/strong><\/span><br \/>\nWeltkulturerbe Esel des Landes Valencia hilft vernachl\u00e4ssigten Eseln und gibt ihnen eine neue Bleibe. Helfen Sie mit einer Spende und werden Sie Eselpate in Les Murtes! Mehr Information finden Sie auf unserer Internetseite: www.eselweb.info oder schreiben Sie uns eine eMail an:<\/p>\n<p><a href=\"mailto:lesmurtes@web.de\" target=\"_blank\" rel=\"noopener\">lesmurtes@web.de<\/a><br \/>\nLes Murtes 17\/Buzon 24 A<br \/>\n03727 Jalon (Xal\u00f3n)<br \/>\nAlicante\/Spanien<\/p>\n<p><span style=\"color: #ff0000;\"><strong>Links<\/strong><\/span><br \/>\nAsociaci\u00f3n Protectora de Animales Dom\u00e9sticos Abandonados de Callosa de Segura<br \/>\n<a href=\"http:\/\/www.protectora-apadac.org\/\" target=\"_blank\" rel=\"noopener\">http:\/\/www.protectora-apadac.org<\/a><\/p>\n<p>S.A.T Animal Rescue<br \/>\n<a href=\"http:\/\/www.satanimalrescue.com\/de\/default.aspx\" target=\"_blank\" rel=\"noopener\">http:\/\/www.satanimalrescue.com<\/a><\/p>\n<p>Tierhilfe Costa Blanca<br \/>\n<a href=\"http:\/\/www.tierhilfecostablanca.ch\" target=\"_blank\" rel=\"noopener\">http:\/\/www.tierhilfecostablanca.ch<\/a><\/p>\n<p>Tierheim Orihuela<br \/>\n<a href=\"http:\/\/www.centroproteccionanimalesorihuela.com\/\" target=\"_blank\" rel=\"noopener\">http:\/\/www.centroproteccionanimalesorihuela.com<\/a><\/p>\n<p>Spanische Hunde<br \/>\n<a href=\"http:\/\/www.spanischehunde.de\/\" target=\"_blank\" rel=\"noopener\">http:\/\/www.spanischehunde.de<\/a><\/p>\n<p>Pferde, Esel und Pony in Rojales<br \/>\n<a href=\"http:\/\/www.easyhorsecare.net\" target=\"_blank\" rel=\"noopener\">http:\/\/www.easyhorsecare.net<\/a><\/p>\n<p>Helfen Sie dem <span style=\"color: #ff0000;\"><strong>Easy Horse Care Rescure Center<\/strong><\/span>, damit vernachl\u00e4ssigten und gepeinigten Tieren geholfen werden kann!<br \/>\nIn Rojales-Ost gibt es eine kleine Finca mit vielen Pferden, Eseln und Ponys, die verlassen oder misshandelt wurden, oder vor der T\u00fcr unserer Finca einfach &#8222;abgestellt&#8220; wurden, weil sie alt, oder krank waren. Von allen lieben Tieren existieren Vor- und Nachher-Bilder, damit man sehen kann, wie sie von uns geliebt und gepflegt werden und wie wir uns f\u00fcr sie einsetzen.<br \/>\n\u00dcber jeden Besuch (jeden Sonntag von 13:00 bis 16:00 Uhr) freuen wir uns sehr und laden Sie herzlich ein, unsere kleinen und grossen Freunde zu besuchen, oder an unserem Pony-Club teilzunehmen. Kommen Sie doch einfach mal im Easy Horse Care Rescue Center vorbei!<br \/>\nPartida Lo Garriga 59<br \/>\nFinca &#8222;Las Palomas&#8220;<br \/>\n03170 Rojales (Alicante)<br \/>\n+34 965 967 033 Telefon<br \/>\neMail: <a href=\"mailto:rescue@easyhorsecare.net\" target=\"_blank\" rel=\"noopener\">rescue@easyhorsecare.net<\/a><a href=\"mailto:gahete.dolores@gmail.com\" target=\"_blank\" rel=\"noopener\"><br \/>\n<\/a><a href=\"http:\/\/www.easyhorsecare.net\" target=\"_blank\" rel=\"noopener\">www.easyhorsecare.net<\/a><\/p>\n<p><a href=\"http:\/\/www.deutschsprachigertisch-orihuelacosta.eu\/pdf\/easyhorsecare.net.pdf\" target=\"_blank\" rel=\"noopener\">download &gt;&gt;&gt; FOUNDATION EASY HORSE CARE RESCUE CENTER &lt;&lt;&lt; herunterladen<\/a><\/p>","protected":false},"excerpt":{"rendered":"<p>Diese Seite vom Deutschsprachigen Tisch Orihuela-Costa soll allen Tierfreunden an der Costa Blanca die M\u00f6glichkeit geben, Tieren in Not zu helfen, Tiere vor der T\u00f6tung zu bewahren und Tiere an (&hellip;) <a href=\"http:\/\/www.deutschsprachigertisch-orihuelacosta.eu\/?page_id=91\">Weiterlesen<\/a><\/p>\n","protected":false},"author":2,"featured_media":0,"parent":0,"menu_order":2,"comment_status":"closed","ping_status":"closed","template":"","meta":{"jetpack_post_was_ever_published":false,"footnotes":""},"class_list":["post-91","page","type-page","status-publish","hentry"],"jetpack_sharing_enabled":true,"jetpack_shortlink":"https:\/\/wp.me\/P8bur2-1t","jetpack-related-posts":[],"_links":{"self":[{"href":"http:\/\/www.deutschsprachigertisch-orihuelacosta.eu\/index.php?rest_route=\/wp\/v2\/pages\/91","targetHints":{"allow":["GET"]}}],"collection":[{"href":"http:\/\/www.deutschsprachigertisch-orihuelacosta.eu\/index.php?rest_route=\/wp\/v2\/pages"}],"about":[{"href":"http:\/\/www.deutschsprachigertisch-orihuelacosta.eu\/index.php?rest_route=\/wp\/v2\/types\/page"}],"author":[{"embeddable":true,"href":"http:\/\/www.deutschsprachigertisch-orihuelacosta.eu\/index.php?rest_route=\/wp\/v2\/users\/2"}],"replies":[{"embeddable":true,"href":"http:\/\/www.deutschsprachigertisch-orihuelacosta.eu\/index.php?rest_route=%2Fwp%2Fv2%2Fcomments&post=91"}],"version-history":[{"count":7,"href":"http:\/\/www.deutschsprachigertisch-orihuelacosta.eu\/index.php?rest_route=\/wp\/v2\/pages\/91\/revisions"}],"predecessor-version":[{"id":17284,"href":"http:\/\/www.deutschsprachigertisch-orihuelacosta.eu\/index.php?rest_route=\/wp\/v2\/pages\/91\/revisions\/17284"}],"wp:attachment":[{"href":"http:\/\/www.deutschsprachigertisch-orihuelacosta.eu\/index.php?rest_route=%2Fwp%2Fv2%2Fmedia&parent=91"}],"curies":[{"name":"wp","href":"https:\/\/api.w.org\/{rel}","templated":true}]}}