{"id":99,"date":"2011-12-14T19:32:31","date_gmt":"2011-12-14T19:32:31","guid":{"rendered":"http:\/\/www.deutschsprachigertisch-orihuelacosta.eu\/?page_id=99"},"modified":"2016-08-25T12:01:02","modified_gmt":"2016-08-25T11:01:02","slug":"dtoc-residentenbuero","status":"publish","type":"page","link":"http:\/\/www.deutschsprachigertisch-orihuelacosta.eu\/?page_id=99","title":{"rendered":"Residentenb\u00fcros"},"content":{"rendered":"<hr \/>\n<p>Residentenb\u00fcro in Orihuela-Costa<br \/>\n<span style=\"font-size: 10pt;\">(Nur f\u00fcr Residenten in Orihuela-Costa!)<\/span><\/p>\n<p>Das B\u00fcro f\u00fcr ausl\u00e4ndische Residenten im Rathaus Orihuela-Costa k\u00f6nnen Sie erreichen unter der Telefonnummer\u00a0 +34 966 760 000 &#8211; 34 oder per eMail: <span style=\"font-size: 10pt;\"><a href=\"mailto:residentes@orihuela.es\" target=\"_blank\">residentes@orihuela.es<\/a>.<br \/>\n<\/span>Anfragen von Montag bis Freitag jeweils von 09:30 bis 13:45 Uhr.<\/p>\n<hr \/>\n<p>Residentenb\u00fcro Torrevieja &#8211; AMICS (Oficina de Atencion al Residente Internacional)<br \/>\n<span style=\"font-size: 10pt;\">(nur f\u00fcr Residenten in Torrevieja!)<\/span><\/p>\n<p>Plaza Capdepont s\/n<br \/>\n03181 Torrevieja<br \/>\n+34 965 705 243 Telefon<br \/>\n+34 965 705 243 Fax<br \/>\nDas Residentenb\u00fcro in Torrevieja befindet sich im kleinen Geb\u00e4ude, wo vorher die Policia Local war.<br \/>\n\u00d6ffnungszeiten:<br \/>\n10:00 bis 14:00 Uhr Montag bis Freitag<br \/>\n15:00 bis 17:00 Uhr Mittwoch<\/p>","protected":false},"excerpt":{"rendered":"<p>Residentenb\u00fcro in Orihuela-Costa (Nur f\u00fcr Residenten in Orihuela-Costa!) Das B\u00fcro f\u00fcr ausl\u00e4ndische Residenten im Rathaus Orihuela-Costa k\u00f6nnen Sie erreichen unter der Telefonnummer\u00a0 +34 966 760 000 &#8211; 34 oder per (&hellip;) <a href=\"http:\/\/www.deutschsprachigertisch-orihuelacosta.eu\/?page_id=99\">Weiterlesen<\/a><\/p>\n","protected":false},"author":2,"featured_media":0,"parent":0,"menu_order":2,"comment_status":"closed","ping_status":"closed","template":"","meta":{"jetpack_post_was_ever_published":false,"footnotes":""},"class_list":["post-99","page","type-page","status-publish","hentry"],"jetpack_sharing_enabled":true,"jetpack_shortlink":"https:\/\/wp.me\/P8bur2-1B","jetpack-related-posts":[],"_links":{"self":[{"href":"http:\/\/www.deutschsprachigertisch-orihuelacosta.eu\/index.php?rest_route=\/wp\/v2\/pages\/99","targetHints":{"allow":["GET"]}}],"collection":[{"href":"http:\/\/www.deutschsprachigertisch-orihuelacosta.eu\/index.php?rest_route=\/wp\/v2\/pages"}],"about":[{"href":"http:\/\/www.deutschsprachigertisch-orihuelacosta.eu\/index.php?rest_route=\/wp\/v2\/types\/page"}],"author":[{"embeddable":true,"href":"http:\/\/www.deutschsprachigertisch-orihuelacosta.eu\/index.php?rest_route=\/wp\/v2\/users\/2"}],"replies":[{"embeddable":true,"href":"http:\/\/www.deutschsprachigertisch-orihuelacosta.eu\/index.php?rest_route=%2Fwp%2Fv2%2Fcomments&post=99"}],"version-history":[{"count":0,"href":"http:\/\/www.deutschsprachigertisch-orihuelacosta.eu\/index.php?rest_route=\/wp\/v2\/pages\/99\/revisions"}],"wp:attachment":[{"href":"http:\/\/www.deutschsprachigertisch-orihuelacosta.eu\/index.php?rest_route=%2Fwp%2Fv2%2Fmedia&parent=99"}],"curies":[{"name":"wp","href":"https:\/\/api.w.org\/{rel}","templated":true}]}}